{"id":107,"date":"2023-06-22T04:41:35","date_gmt":"2023-06-22T01:41:35","guid":{"rendered":"https:\/\/wediacorp.com\/az\/?page_id=107"},"modified":"2023-11-18T12:49:56","modified_gmt":"2023-11-18T09:49:56","slug":"milestone","status":"publish","type":"page","link":"https:\/\/wediacorp.com\/az\/milestone\/","title":{"rendered":"\u0130nki\u015faf yolumuz"},"content":{"rendered":"<p>Ki\u00e7ik bir ofisd\u0259 m\u0259hdud s\u0259rmay\u0259 il\u0259, he\u00e7 bir investisiya d\u0259st\u0259yi olmadan biznes d\u00fcnyas\u0131na q\u0259d\u0259m qoymu\u015f Wediacorp \u00a0g\u00f6st\u0259rdiyi keyfiyy\u0259tli xidm\u0259t v\u0259 qazand\u0131\u011f\u0131 etibar say\u0259sind\u0259 h\u0259m yerli, h\u0259m d\u0259 beyn\u0259lxalq s\u0259viyy\u0259d\u0259 n\u00fcfuzlu bir \u015firk\u0259t\u0259 \u00e7evrilmi\u015fdir. T\u00fcrkiy\u0259d\u0259 35, Az\u0259rbaycanda 15, Albaniyada 5 i\u015f\u00e7isi v\u0259 d\u00fcnya \u00fczr\u0259 n\u00fcmay\u0259nd\u0259l\u0259ri il\u0259 \u015firk\u0259t 1000-d\u0259n \u00e7ox m\u00fc\u015ft\u0259riy\u0259 xidm\u0259t g\u00f6st\u0259rir. O, bines d\u00fcnyas\u0131nda n\u00fcmun\u0259 olmaqla i\u015fin\u0259 innovativ v\u0259 vicdanl\u0131 yana\u015fmas\u0131 il\u0259 r\u0259q\u0259msal sektorda liderliyi qoruyur.<\/p>\n","protected":false},"excerpt":{"rendered":"<p>Ki\u00e7ik bir ofisd\u0259 m\u0259hdud s\u0259rmay\u0259 il\u0259, he\u00e7 bir investisiya d\u0259st\u0259yi olmadan biznes d\u00fcnyas\u0131na q\u0259d\u0259m qoymu\u015f Wediacorp \u00a0g\u00f6st\u0259rdiyi keyfiyy\u0259tli xidm\u0259t v\u0259 qazand\u0131\u011f\u0131 etibar say\u0259sind\u0259 h\u0259m yerli, h\u0259m d\u0259 beyn\u0259lxalq s\u0259viyy\u0259d\u0259 n\u00fcfuzlu bir \u015firk\u0259t\u0259 \u00e7evrilmi\u015fdir. T\u00fcrkiy\u0259d\u0259 35, Az\u0259rbaycanda 15, Albaniyada 5 i\u015f\u00e7isi v\u0259 d\u00fcnya \u00fczr\u0259 n\u00fcmay\u0259nd\u0259l\u0259ri il\u0259 \u015firk\u0259t 1000-d\u0259n \u00e7ox m\u00fc\u015ft\u0259riy\u0259 xidm\u0259t g\u00f6st\u0259rir. O, bines d\u00fcnyas\u0131nda n\u00fcmun\u0259 [&hellip;]<\/p>\n","protected":false},"author":1,"featured_media":0,"parent":0,"menu_order":0,"comment_status":"closed","ping_status":"closed","template":"template-parts\/milestone.php","meta":{"footnotes":""},"class_list":["post-107","page","type-page","status-publish","hentry"],"acf":[],"yoast_head":"<!-- This site is optimized with the Yoast SEO plugin v27.4 - https:\/\/yoast.com\/product\/yoast-seo-wordpress\/ -->\n<title>\u0130nki\u015faf yolumuz - WediaCorp AZ<\/title>\n<meta name=\"robots\" content=\"index, follow, max-snippet:-1, max-image-preview:large, max-video-preview:-1\" \/>\n<link rel=\"canonical\" href=\"https:\/\/wediacorp.com\/az\/milestone\/\" \/>\n<meta property=\"og:locale\" content=\"az_AZ\" \/>\n<meta property=\"og:type\" content=\"article\" \/>\n<meta property=\"og:title\" content=\"\u0130nki\u015faf yolumuz - WediaCorp AZ\" \/>\n<meta property=\"og:description\" content=\"Ki\u00e7ik bir ofisd\u0259 m\u0259hdud s\u0259rmay\u0259 il\u0259, he\u00e7 bir investisiya d\u0259st\u0259yi olmadan biznes d\u00fcnyas\u0131na q\u0259d\u0259m qoymu\u015f Wediacorp \u00a0g\u00f6st\u0259rdiyi keyfiyy\u0259tli xidm\u0259t v\u0259 qazand\u0131\u011f\u0131 etibar say\u0259sind\u0259 h\u0259m yerli, h\u0259m d\u0259 beyn\u0259lxalq s\u0259viyy\u0259d\u0259 n\u00fcfuzlu bir \u015firk\u0259t\u0259 \u00e7evrilmi\u015fdir. T\u00fcrkiy\u0259d\u0259 35, Az\u0259rbaycanda 15, Albaniyada 5 i\u015f\u00e7isi v\u0259 d\u00fcnya \u00fczr\u0259 n\u00fcmay\u0259nd\u0259l\u0259ri il\u0259 \u015firk\u0259t 1000-d\u0259n \u00e7ox m\u00fc\u015ft\u0259riy\u0259 xidm\u0259t g\u00f6st\u0259rir. O, bines d\u00fcnyas\u0131nda n\u00fcmun\u0259 [&hellip;]\" \/>\n<meta property=\"og:url\" content=\"https:\/\/wediacorp.com\/az\/milestone\/\" \/>\n<meta property=\"og:site_name\" content=\"WediaCorp AZ\" \/>\n<meta property=\"article:modified_time\" content=\"2023-11-18T09:49:56+00:00\" \/>\n<meta name=\"twitter:card\" content=\"summary_large_image\" \/>\n<meta name=\"twitter:label1\" content=\"Est. reading time\" \/>\n\t<meta name=\"twitter:data1\" content=\"1 minute\" \/>\n<script type=\"application\/ld+json\" class=\"yoast-schema-graph\">{\"@context\":\"https:\\\/\\\/schema.org\",\"@graph\":[{\"@type\":\"WebPage\",\"@id\":\"https:\\\/\\\/wediacorp.com\\\/az\\\/milestone\\\/\",\"url\":\"https:\\\/\\\/wediacorp.com\\\/az\\\/milestone\\\/\",\"name\":\"\u0130nki\u015faf yolumuz - WediaCorp AZ\",\"isPartOf\":{\"@id\":\"https:\\\/\\\/wediacorp.com\\\/az\\\/#website\"},\"datePublished\":\"2023-06-22T01:41:35+00:00\",\"dateModified\":\"2023-11-18T09:49:56+00:00\",\"breadcrumb\":{\"@id\":\"https:\\\/\\\/wediacorp.com\\\/az\\\/milestone\\\/#breadcrumb\"},\"inLanguage\":\"az\",\"potentialAction\":[{\"@type\":\"ReadAction\",\"target\":[\"https:\\\/\\\/wediacorp.com\\\/az\\\/milestone\\\/\"]}]},{\"@type\":\"BreadcrumbList\",\"@id\":\"https:\\\/\\\/wediacorp.com\\\/az\\\/milestone\\\/#breadcrumb\",\"itemListElement\":[{\"@type\":\"ListItem\",\"position\":1,\"name\":\"Anasayfa\",\"item\":\"https:\\\/\\\/wediacorp.com\\\/az\\\/\"},{\"@type\":\"ListItem\",\"position\":2,\"name\":\"\u0130nki\u015faf yolumuz\"}]},{\"@type\":\"WebSite\",\"@id\":\"https:\\\/\\\/wediacorp.com\\\/az\\\/#website\",\"url\":\"https:\\\/\\\/wediacorp.com\\\/az\\\/\",\"name\":\"WediaCorp AZ\",\"description\":\"With our experienced team and the privilege of being the official business partner of Google, Youtube, Dailymotion, we ensure that you are ahead of your competitors.\",\"potentialAction\":[{\"@type\":\"SearchAction\",\"target\":{\"@type\":\"EntryPoint\",\"urlTemplate\":\"https:\\\/\\\/wediacorp.com\\\/az\\\/?s={search_term_string}\"},\"query-input\":{\"@type\":\"PropertyValueSpecification\",\"valueRequired\":true,\"valueName\":\"search_term_string\"}}],\"inLanguage\":\"az\"}]}<\/script>\n<!-- \/ Yoast SEO plugin. -->","yoast_head_json":{"title":"\u0130nki\u015faf yolumuz - WediaCorp AZ","robots":{"index":"index","follow":"follow","max-snippet":"max-snippet:-1","max-image-preview":"max-image-preview:large","max-video-preview":"max-video-preview:-1"},"canonical":"https:\/\/wediacorp.com\/az\/milestone\/","og_locale":"az_AZ","og_type":"article","og_title":"\u0130nki\u015faf yolumuz - WediaCorp AZ","og_description":"Ki\u00e7ik bir ofisd\u0259 m\u0259hdud s\u0259rmay\u0259 il\u0259, he\u00e7 bir investisiya d\u0259st\u0259yi olmadan biznes d\u00fcnyas\u0131na q\u0259d\u0259m qoymu\u015f Wediacorp \u00a0g\u00f6st\u0259rdiyi keyfiyy\u0259tli xidm\u0259t v\u0259 qazand\u0131\u011f\u0131 etibar say\u0259sind\u0259 h\u0259m yerli, h\u0259m d\u0259 beyn\u0259lxalq s\u0259viyy\u0259d\u0259 n\u00fcfuzlu bir \u015firk\u0259t\u0259 \u00e7evrilmi\u015fdir. T\u00fcrkiy\u0259d\u0259 35, Az\u0259rbaycanda 15, Albaniyada 5 i\u015f\u00e7isi v\u0259 d\u00fcnya \u00fczr\u0259 n\u00fcmay\u0259nd\u0259l\u0259ri il\u0259 \u015firk\u0259t 1000-d\u0259n \u00e7ox m\u00fc\u015ft\u0259riy\u0259 xidm\u0259t g\u00f6st\u0259rir. O, bines d\u00fcnyas\u0131nda n\u00fcmun\u0259 [&hellip;]","og_url":"https:\/\/wediacorp.com\/az\/milestone\/","og_site_name":"WediaCorp AZ","article_modified_time":"2023-11-18T09:49:56+00:00","twitter_card":"summary_large_image","twitter_misc":{"Est. reading time":"1 minute"},"schema":{"@context":"https:\/\/schema.org","@graph":[{"@type":"WebPage","@id":"https:\/\/wediacorp.com\/az\/milestone\/","url":"https:\/\/wediacorp.com\/az\/milestone\/","name":"\u0130nki\u015faf yolumuz - WediaCorp AZ","isPartOf":{"@id":"https:\/\/wediacorp.com\/az\/#website"},"datePublished":"2023-06-22T01:41:35+00:00","dateModified":"2023-11-18T09:49:56+00:00","breadcrumb":{"@id":"https:\/\/wediacorp.com\/az\/milestone\/#breadcrumb"},"inLanguage":"az","potentialAction":[{"@type":"ReadAction","target":["https:\/\/wediacorp.com\/az\/milestone\/"]}]},{"@type":"BreadcrumbList","@id":"https:\/\/wediacorp.com\/az\/milestone\/#breadcrumb","itemListElement":[{"@type":"ListItem","position":1,"name":"Anasayfa","item":"https:\/\/wediacorp.com\/az\/"},{"@type":"ListItem","position":2,"name":"\u0130nki\u015faf yolumuz"}]},{"@type":"WebSite","@id":"https:\/\/wediacorp.com\/az\/#website","url":"https:\/\/wediacorp.com\/az\/","name":"WediaCorp AZ","description":"With our experienced team and the privilege of being the official business partner of Google, Youtube, Dailymotion, we ensure that you are ahead of your competitors.","potentialAction":[{"@type":"SearchAction","target":{"@type":"EntryPoint","urlTemplate":"https:\/\/wediacorp.com\/az\/?s={search_term_string}"},"query-input":{"@type":"PropertyValueSpecification","valueRequired":true,"valueName":"search_term_string"}}],"inLanguage":"az"}]}},"_links":{"self":[{"href":"https:\/\/wediacorp.com\/az\/wp-json\/wp\/v2\/pages\/107","targetHints":{"allow":["GET"]}}],"collection":[{"href":"https:\/\/wediacorp.com\/az\/wp-json\/wp\/v2\/pages"}],"about":[{"href":"https:\/\/wediacorp.com\/az\/wp-json\/wp\/v2\/types\/page"}],"author":[{"embeddable":true,"href":"https:\/\/wediacorp.com\/az\/wp-json\/wp\/v2\/users\/1"}],"replies":[{"embeddable":true,"href":"https:\/\/wediacorp.com\/az\/wp-json\/wp\/v2\/comments?post=107"}],"version-history":[{"count":3,"href":"https:\/\/wediacorp.com\/az\/wp-json\/wp\/v2\/pages\/107\/revisions"}],"predecessor-version":[{"id":20196,"href":"https:\/\/wediacorp.com\/az\/wp-json\/wp\/v2\/pages\/107\/revisions\/20196"}],"wp:attachment":[{"href":"https:\/\/wediacorp.com\/az\/wp-json\/wp\/v2\/media?parent=107"}],"curies":[{"name":"wp","href":"https:\/\/api.w.org\/{rel}","templated":true}]}}