{"id":11,"date":"2023-06-19T13:31:26","date_gmt":"2023-06-19T10:31:26","guid":{"rendered":"https:\/\/wediacorp.com\/az\/?page_id=11"},"modified":"2024-12-15T04:45:43","modified_gmt":"2024-12-15T01:45:43","slug":"corporate","status":"publish","type":"page","link":"https:\/\/wediacorp.com\/az\/corporate\/","title":{"rendered":"Biz kimik"},"content":{"rendered":"<p>WediaCorp T\u00fcrkiy\u0259d\u0259 f\u0259aliyy\u0259t g\u00f6st\u0259r\u0259n bir \u015firk\u0259tdir v\u0259 m\u0259zmun sahibl\u0259rini YouTube v\u0259 dig\u0259r r\u0259q\u0259msal platformalarda t\u0259msil ed\u0259n YouTube xidm\u0259t t\u0259minat\u00e7\u0131lar\u0131 aras\u0131nda yer alan T\u00fcrkiy\u0259nin ilk \u00e7oxkanall\u0131 \u015f\u0259b\u0259k\u0259sidir. \u015eirk\u0259t 2014-c\u00fc ild\u0259 t\u0259sis edilib.<\/p>\n<p>\u018fvv\u0259lc\u0259 \u015firk\u0259t YouTube, Google, Dailymotion, Facebook-un r\u0259smi t\u0259r\u0259fda\u015f\u0131 olub. Daha sonra r\u0259q\u0259msal transformasiya v\u0259 yeni t\u0259l\u0259bl\u0259r\u0259 \u0259sas\u0259n, o b\u00fct\u00fcn sosial media platformalar\u0131 \u00fc\u00e7\u00fcn 360 d\u0259r\u0259c\u0259 m\u0259lumatlara \u0259saslanaraq xidm\u0259tl\u0259r g\u00f6st\u0259r\u0259n pe\u015f\u0259kar r\u0259q\u0259msal strategiya agentliyin\u0259 \u00e7evrildi.<\/p>\n<p>Haz\u0131rda WediaCorp YouTube kanal\u0131n\u0131n idar\u0259 edilm\u0259si, videolar\u0131 lisenziyala\u015fd\u0131rma, r\u0259q\u0259msal reputasiyan\u0131n idar\u0259 edilm\u0259si, sosial median\u0131n idar\u0259 edilm\u0259si, reklam\u0131n planla\u015fd\u0131r\u0131lmas\u0131 v\u0259 m\u0259zmun t\u0259hl\u00fck\u0259sizliyi kimi sah\u0259l\u0259rd\u0259 m\u00fcxt\u0259lif xidm\u0259tl\u0259r t\u0259klif edir. \u015eirk\u0259timiz h\u0259r biri m\u00fcxt\u0259lif sektorlarda ixtisasla\u015fm\u0131\u015f alt\u0131 m\u0259zmun idar\u0259etm\u0259 sistemin\u0259 malik oldu\u011fundan m\u00fcxt\u0259lif kontent yarad\u0131c\u0131lar\u0131n\u0131n ehtiyaclar\u0131na uy\u011funla\u015fd\u0131r\u0131lm\u0131\u015f pe\u015f\u0259kar xidm\u0259tl\u0259r t\u0259klif etm\u0259 bacar\u0131\u011f\u0131na malikdir.<\/p>\n<p>T\u00fcrkiy\u0259nin ilk r\u0259q\u0259msal musiqi istehsal\u00e7\u0131s\u0131 olan WediaCorp r\u0259q\u0259msal platformalardak\u0131 b\u00fct\u00fcn musiqi m\u0259zmununu lisenziyala\u015fd\u0131r\u0131r v\u0259 WediaCorp Music brendi alt\u0131nda albom v\u0259 sinqllar\u0131 buraxaraq, onlar\u0131 Spotify, YouTube Music, Fizy v\u0259 Deezer daxil olmaqla, d\u00fcnya \u00fczr\u0259 m\u00fcxt\u0259lif r\u0259q\u0259msal platformalarda yay\u0131m\u0131n\u0131 t\u0259\u015fkil edir.<\/p>\n<p>T\u00fcrkiy\u0259nin h\u00fcdudlar\u0131ndan k\u0259narda geni\u015fl\u0259n\u0259n WediaCorp-un 2016-c\u0131 ild\u0259 Az\u0259rbaycan ofisi f\u0259aliyy\u0259t\u0259 ba\u015flay\u0131b. Haz\u0131rda \u015firk\u0259t beyn\u0259lxalq miqyasda b\u00f6y\u00fcm\u0259kd\u0259dir. Biz Az\u0259rbaycan\u0131n ARB TV, CBC Sports v\u0259 X\u0259z\u0259r TV kimi reytinqli televiziya kanallar\u0131, tan\u0131nm\u0131\u015f prod\u00fcserl\u0259ri v\u0259 s\u0259n\u0259t\u00e7il\u0259ri il\u0259 \u0259m\u0259kda\u015fl\u0131q edirik.<\/p>\n<p>Hindistan, \u0130ran, Vyetnam v\u0259 Albaniyada n\u00fcmay\u0259nd\u0259likl\u0259rin f\u0259aliyy\u0259t\u0259 ba\u015flamas\u0131 il\u0259 2019-cu ild\u0259 \u015firk\u0259t holdinq\u0259 \u00e7evrildi. Holdinq alt\u0131 f\u0259rqli istiqam\u0259t \u00fczr\u0259 m\u00fcxt\u0259lif domenl\u0259rd\u0259 xidm\u0259tl\u0259r g\u00f6st\u0259rir : Wedia Digital, Wedia Music, Wedia Entertainment, Wedia Edu, Wedia Soft v\u0259 Wedia Production.<br \/>\n2020-ci ild\u0259 pandemiya zaman\u0131 kinoteatrlar\u0131n f\u0259aliyy\u0259tinin dayand\u0131rmas\u0131 zaman\u0131 WediaCorp tan\u0131nm\u0131\u015f kinorejissor M\u00fcfit Can Sa\u00e7\u0131nt\u0131n\u0131n rejissorlu\u011fu il\u0259 \u201cMaskeler de D\u00fc\u015fer\u201d adl\u0131 YouTube-da ilk ekskl\u00fcziv t\u00fcrk filminin t\u0259qdimat\u0131n\u0131 ke\u00e7irtdi. \u015eirk\u0259t YouTube \u00fcz\u0259rind\u0259n h\u0259min film \u00fc\u00e7\u00fcn onlayn Qala t\u0259\u015fkil etdi v\u0259 bu layih\u0259y\u0259 g\u00f6r\u0259 YouTube-un ba\u015f direktorundan x\u00fcsusi t\u0259\u015f\u0259kk\u00fcr ald\u0131. Film \u201cYouTube Korporativ G\u00fcn\u00fc\u201dnd\u0259 d\u00fcnya \u00fczr\u0259 b\u00fct\u00fcn t\u0259r\u0259fda\u015flara t\u0259qdim olundu.<\/p>\n<p>2021-ci ild\u0259 minl\u0259rl\u0259 film, serial v\u0259 s\u0259n\u0259dli m\u0259zmuna ev sahibliyi ed\u0259n WediaCorp-un t\u00f6r\u0259m\u0259 \u015firk\u0259ti Wedia Entertainment yarad\u0131ld\u0131. Wedia Entertainment Kann, Berlin, Natpe kimi beyn\u0259lxalq film festivallar\u0131nda i\u015ftirak edir v\u0259 T\u00fcrkiy\u0259nin b\u00f6y\u00fck film yay\u0131m \u015firk\u0259tl\u0259ri il\u0259 \u0259m\u0259kda\u015fl\u0131q \u00e7\u0259r\u00e7iv\u0259sind\u0259 \u00f6lk\u0259 daxilind\u0259 v\u0259 beyn\u0259lxalq s\u0259viyy\u0259d\u0259 filml\u0259rin al\u0131\u015f\u0131, yay\u0131m\u0131 v\u0259 marketinq xidm\u0259tl\u0259rini h\u0259yata ke\u00e7irir.<\/p>\n<p>Wedia Entertainment t\u0259r\u0259find\u0259n yay\u0131mlanan filml\u0259rd\u0259n biri d\u0259 Bryus Uillisin kinoteatrlarda n\u00fcmayi\u015f olunan son filmi \u201cAssassin Hayalet Suikast\u00e7\u0131\u201d (ASSASS\u0130N) idi.<br \/>\nWediaCorp T\u00fcrkiy\u0259 Silahl\u0131 Q\u00fcvv\u0259l\u0259ri, Milli M\u00fcdafi\u0259 Nazirliyi, T\u00fcrkiy\u0259 Turizm Agentliyi, Burger King T\u00fcrkiy\u0259 v\u0259 Rixos Otell\u0259ri kimi m\u00fcxt\u0259lif t\u0259\u015fkilatlara r\u0259smi \u0259m\u0259kda\u015fl\u0131q \u00e7\u0259r\u00e7iv\u0259sind\u0259 m\u0259zmun t\u0259hl\u00fck\u0259sizliyi v\u0259 lisenziya xidm\u0259tl\u0259ri g\u00f6st\u0259rir. \u015eirk\u0259t korporativ m\u00fc\u015ft\u0259ril\u0259r\u0259 xidm\u0259t g\u00f6st\u0259rm\u0259kl\u0259 yana\u015f\u0131, T\u00fcrkiy\u0259d\u0259 v\u0259 d\u00fcnyada \u0259n f\u0259al YouTuberl\u0259rl\u0259 i\u015fl\u0259y\u0259n f\u0259rdi m\u0259zmun yarad\u0131c\u0131lar\u0131na da d\u0259st\u0259k verir.<br \/>\nWediaCorp m\u00fc\u015ft\u0259ril\u0259rin\u0259 daha g\u00fcv\u0259nli xidm\u0259t g\u00f6st\u0259rm\u0259k \u00fc\u00e7\u00fcn \u00f6z proqram\u00e7\u0131lar\u0131 il\u0259 birlikd\u0259 \u00fc\u00e7 ayr\u0131 proqram t\u0259minat\u0131 h\u0259lli haz\u0131rlay\u0131b:<\/p>\n<ol>\n<li>WediaSecurity: \u0130nternetd\u0259 r\u0259q\u0259msal m\u0259zmunu skan ed\u0259n v\u0259 a\u015fkarlayan v\u0259 onlar\u0131n silinm\u0259si \u00fc\u00e7\u00fcn laz\u0131mi prosedurlar\u0131 avtomatik t\u0259tbiq ed\u0259n M\u0259zmun m\u00fchafiz\u0259si proqram\u0131d\u0131r.<\/li>\n<li>Wedia SYNC: YouTube v\u0259 Dailymotion-dan videolar\u0131n metadatalar\u0131 il\u0259 birlikd\u0259 Facebook s\u0259hif\u0259l\u0259rin\u0259 avtomatik inteqrasiyas\u0131n\u0131 t\u0259min ed\u0259n proqramd\u0131r.<\/li>\n<li>Wediacorp Paneli: WediaCorp t\u0259r\u0259fda\u015flar\u0131 \u00fc\u00e7\u00fcn YouTube analitik m\u0259lumatlar\u0131na tez baxmaq v\u0259 \u0259trafl\u0131 g\u0259lir hesabatlar\u0131 yaratmaq \u00fc\u00e7\u00fcn haz\u0131rlanm\u0131\u015f ekskl\u00fcziv platformad\u0131r.<\/li>\n<\/ol>\n<p>T\u0259cr\u00fcb\u0259l\u0259rini r\u0259q\u0259msal d\u00fcnyada toplanm\u0131\u015f bilikl\u0259ri il\u0259 birl\u0259\u015fdir\u0259n WediaCorp 40 milyon abun\u0259\u00e7isi, 45 milyard d\u0259qiq\u0259 izl\u0259m\u0259 vaxt\u0131 v\u0259 3,7 \u00a0milyard bax\u0131\u015f\u0131 olan t\u0259sirli auditoriyaya malikdir. Bu \u0259h\u0259miyy\u0259tli auditoriya il\u0259 onlar b\u00fct\u00fcn sosial media platformalar\u0131nda effektiv m\u0259zmun idar\u0259\u00e7iliyi v\u0259 brend m\u0259sl\u0259h\u0259t\u00e7iliyind\u0259 \u00fcst\u00fcnl\u00fcy\u0259 yiy\u0259l\u0259nibl\u0259r.<\/p>\n","protected":false},"excerpt":{"rendered":"<p>WediaCorp T\u00fcrkiy\u0259d\u0259 f\u0259aliyy\u0259t g\u00f6st\u0259r\u0259n bir \u015firk\u0259tdir v\u0259 m\u0259zmun sahibl\u0259rini YouTube v\u0259 dig\u0259r r\u0259q\u0259msal platformalarda t\u0259msil ed\u0259n YouTube xidm\u0259t t\u0259minat\u00e7\u0131lar\u0131 aras\u0131nda yer alan T\u00fcrkiy\u0259nin ilk \u00e7oxkanall\u0131 \u015f\u0259b\u0259k\u0259sidir. \u015eirk\u0259t 2014-c\u00fc ild\u0259 t\u0259sis edilib. \u018fvv\u0259lc\u0259 \u015firk\u0259t YouTube, Google, Dailymotion, Facebook-un r\u0259smi t\u0259r\u0259fda\u015f\u0131 olub. Daha sonra r\u0259q\u0259msal transformasiya v\u0259 yeni t\u0259l\u0259bl\u0259r\u0259 \u0259sas\u0259n, o b\u00fct\u00fcn sosial media platformalar\u0131 \u00fc\u00e7\u00fcn 360 [&hellip;]<\/p>\n","protected":false},"author":1,"featured_media":0,"parent":0,"menu_order":0,"comment_status":"closed","ping_status":"closed","template":"template-parts\/corporate.php","meta":{"footnotes":""},"class_list":["post-11","page","type-page","status-publish","hentry"],"acf":[],"yoast_head":"<!-- This site is optimized with the Yoast SEO plugin v27.4 - https:\/\/yoast.com\/product\/yoast-seo-wordpress\/ -->\n<title>Biz kimik - WediaCorp AZ<\/title>\n<meta name=\"robots\" content=\"index, follow, max-snippet:-1, max-image-preview:large, max-video-preview:-1\" \/>\n<link rel=\"canonical\" href=\"https:\/\/wediacorp.com\/az\/corporate\/\" \/>\n<meta property=\"og:locale\" content=\"az_AZ\" \/>\n<meta property=\"og:type\" content=\"article\" \/>\n<meta property=\"og:title\" content=\"Biz kimik - WediaCorp AZ\" \/>\n<meta property=\"og:description\" content=\"WediaCorp T\u00fcrkiy\u0259d\u0259 f\u0259aliyy\u0259t g\u00f6st\u0259r\u0259n bir \u015firk\u0259tdir v\u0259 m\u0259zmun sahibl\u0259rini YouTube v\u0259 dig\u0259r r\u0259q\u0259msal platformalarda t\u0259msil ed\u0259n YouTube xidm\u0259t t\u0259minat\u00e7\u0131lar\u0131 aras\u0131nda yer alan T\u00fcrkiy\u0259nin ilk \u00e7oxkanall\u0131 \u015f\u0259b\u0259k\u0259sidir. \u015eirk\u0259t 2014-c\u00fc ild\u0259 t\u0259sis edilib. \u018fvv\u0259lc\u0259 \u015firk\u0259t YouTube, Google, Dailymotion, Facebook-un r\u0259smi t\u0259r\u0259fda\u015f\u0131 olub. Daha sonra r\u0259q\u0259msal transformasiya v\u0259 yeni t\u0259l\u0259bl\u0259r\u0259 \u0259sas\u0259n, o b\u00fct\u00fcn sosial media platformalar\u0131 \u00fc\u00e7\u00fcn 360 [&hellip;]\" \/>\n<meta property=\"og:url\" content=\"https:\/\/wediacorp.com\/az\/corporate\/\" \/>\n<meta property=\"og:site_name\" content=\"WediaCorp AZ\" \/>\n<meta property=\"article:modified_time\" content=\"2024-12-15T01:45:43+00:00\" \/>\n<meta name=\"twitter:card\" content=\"summary_large_image\" \/>\n<meta name=\"twitter:label1\" content=\"Est. reading time\" \/>\n\t<meta name=\"twitter:data1\" content=\"3 minutes\" \/>\n<script type=\"application\/ld+json\" class=\"yoast-schema-graph\">{\"@context\":\"https:\\\/\\\/schema.org\",\"@graph\":[{\"@type\":\"WebPage\",\"@id\":\"https:\\\/\\\/wediacorp.com\\\/az\\\/corporate\\\/\",\"url\":\"https:\\\/\\\/wediacorp.com\\\/az\\\/corporate\\\/\",\"name\":\"Biz kimik - WediaCorp AZ\",\"isPartOf\":{\"@id\":\"https:\\\/\\\/wediacorp.com\\\/az\\\/#website\"},\"datePublished\":\"2023-06-19T10:31:26+00:00\",\"dateModified\":\"2024-12-15T01:45:43+00:00\",\"breadcrumb\":{\"@id\":\"https:\\\/\\\/wediacorp.com\\\/az\\\/corporate\\\/#breadcrumb\"},\"inLanguage\":\"az\",\"potentialAction\":[{\"@type\":\"ReadAction\",\"target\":[\"https:\\\/\\\/wediacorp.com\\\/az\\\/corporate\\\/\"]}]},{\"@type\":\"BreadcrumbList\",\"@id\":\"https:\\\/\\\/wediacorp.com\\\/az\\\/corporate\\\/#breadcrumb\",\"itemListElement\":[{\"@type\":\"ListItem\",\"position\":1,\"name\":\"Anasayfa\",\"item\":\"https:\\\/\\\/wediacorp.com\\\/az\\\/\"},{\"@type\":\"ListItem\",\"position\":2,\"name\":\"Biz kimik\"}]},{\"@type\":\"WebSite\",\"@id\":\"https:\\\/\\\/wediacorp.com\\\/az\\\/#website\",\"url\":\"https:\\\/\\\/wediacorp.com\\\/az\\\/\",\"name\":\"WediaCorp AZ\",\"description\":\"With our experienced team and the privilege of being the official business partner of Google, Youtube, Dailymotion, we ensure that you are ahead of your competitors.\",\"potentialAction\":[{\"@type\":\"SearchAction\",\"target\":{\"@type\":\"EntryPoint\",\"urlTemplate\":\"https:\\\/\\\/wediacorp.com\\\/az\\\/?s={search_term_string}\"},\"query-input\":{\"@type\":\"PropertyValueSpecification\",\"valueRequired\":true,\"valueName\":\"search_term_string\"}}],\"inLanguage\":\"az\"}]}<\/script>\n<!-- \/ Yoast SEO plugin. -->","yoast_head_json":{"title":"Biz kimik - WediaCorp AZ","robots":{"index":"index","follow":"follow","max-snippet":"max-snippet:-1","max-image-preview":"max-image-preview:large","max-video-preview":"max-video-preview:-1"},"canonical":"https:\/\/wediacorp.com\/az\/corporate\/","og_locale":"az_AZ","og_type":"article","og_title":"Biz kimik - WediaCorp AZ","og_description":"WediaCorp T\u00fcrkiy\u0259d\u0259 f\u0259aliyy\u0259t g\u00f6st\u0259r\u0259n bir \u015firk\u0259tdir v\u0259 m\u0259zmun sahibl\u0259rini YouTube v\u0259 dig\u0259r r\u0259q\u0259msal platformalarda t\u0259msil ed\u0259n YouTube xidm\u0259t t\u0259minat\u00e7\u0131lar\u0131 aras\u0131nda yer alan T\u00fcrkiy\u0259nin ilk \u00e7oxkanall\u0131 \u015f\u0259b\u0259k\u0259sidir. \u015eirk\u0259t 2014-c\u00fc ild\u0259 t\u0259sis edilib. \u018fvv\u0259lc\u0259 \u015firk\u0259t YouTube, Google, Dailymotion, Facebook-un r\u0259smi t\u0259r\u0259fda\u015f\u0131 olub. Daha sonra r\u0259q\u0259msal transformasiya v\u0259 yeni t\u0259l\u0259bl\u0259r\u0259 \u0259sas\u0259n, o b\u00fct\u00fcn sosial media platformalar\u0131 \u00fc\u00e7\u00fcn 360 [&hellip;]","og_url":"https:\/\/wediacorp.com\/az\/corporate\/","og_site_name":"WediaCorp AZ","article_modified_time":"2024-12-15T01:45:43+00:00","twitter_card":"summary_large_image","twitter_misc":{"Est. reading time":"3 minutes"},"schema":{"@context":"https:\/\/schema.org","@graph":[{"@type":"WebPage","@id":"https:\/\/wediacorp.com\/az\/corporate\/","url":"https:\/\/wediacorp.com\/az\/corporate\/","name":"Biz kimik - WediaCorp AZ","isPartOf":{"@id":"https:\/\/wediacorp.com\/az\/#website"},"datePublished":"2023-06-19T10:31:26+00:00","dateModified":"2024-12-15T01:45:43+00:00","breadcrumb":{"@id":"https:\/\/wediacorp.com\/az\/corporate\/#breadcrumb"},"inLanguage":"az","potentialAction":[{"@type":"ReadAction","target":["https:\/\/wediacorp.com\/az\/corporate\/"]}]},{"@type":"BreadcrumbList","@id":"https:\/\/wediacorp.com\/az\/corporate\/#breadcrumb","itemListElement":[{"@type":"ListItem","position":1,"name":"Anasayfa","item":"https:\/\/wediacorp.com\/az\/"},{"@type":"ListItem","position":2,"name":"Biz kimik"}]},{"@type":"WebSite","@id":"https:\/\/wediacorp.com\/az\/#website","url":"https:\/\/wediacorp.com\/az\/","name":"WediaCorp AZ","description":"With our experienced team and the privilege of being the official business partner of Google, Youtube, Dailymotion, we ensure that you are ahead of your competitors.","potentialAction":[{"@type":"SearchAction","target":{"@type":"EntryPoint","urlTemplate":"https:\/\/wediacorp.com\/az\/?s={search_term_string}"},"query-input":{"@type":"PropertyValueSpecification","valueRequired":true,"valueName":"search_term_string"}}],"inLanguage":"az"}]}},"_links":{"self":[{"href":"https:\/\/wediacorp.com\/az\/wp-json\/wp\/v2\/pages\/11","targetHints":{"allow":["GET"]}}],"collection":[{"href":"https:\/\/wediacorp.com\/az\/wp-json\/wp\/v2\/pages"}],"about":[{"href":"https:\/\/wediacorp.com\/az\/wp-json\/wp\/v2\/types\/page"}],"author":[{"embeddable":true,"href":"https:\/\/wediacorp.com\/az\/wp-json\/wp\/v2\/users\/1"}],"replies":[{"embeddable":true,"href":"https:\/\/wediacorp.com\/az\/wp-json\/wp\/v2\/comments?post=11"}],"version-history":[{"count":4,"href":"https:\/\/wediacorp.com\/az\/wp-json\/wp\/v2\/pages\/11\/revisions"}],"predecessor-version":[{"id":20545,"href":"https:\/\/wediacorp.com\/az\/wp-json\/wp\/v2\/pages\/11\/revisions\/20545"}],"wp:attachment":[{"href":"https:\/\/wediacorp.com\/az\/wp-json\/wp\/v2\/media?parent=11"}],"curies":[{"name":"wp","href":"https:\/\/api.w.org\/{rel}","templated":true}]}}