{"id":118,"date":"2023-06-22T04:52:35","date_gmt":"2023-06-22T01:52:35","guid":{"rendered":"https:\/\/wediacorp.com\/az\/?page_id=118"},"modified":"2023-10-13T15:12:50","modified_gmt":"2023-10-13T12:12:50","slug":"services","status":"publish","type":"page","link":"https:\/\/wediacorp.com\/az\/services\/","title":{"rendered":"Xidm\u0259tl\u0259r"},"content":{"rendered":"","protected":false},"excerpt":{"rendered":"","protected":false},"author":1,"featured_media":0,"parent":0,"menu_order":0,"comment_status":"closed","ping_status":"closed","template":"template-parts\/services.php","meta":{"footnotes":""},"class_list":["post-118","page","type-page","status-publish","hentry"],"acf":[],"yoast_head":"<!-- This site is optimized with the Yoast SEO plugin v27.4 - https:\/\/yoast.com\/product\/yoast-seo-wordpress\/ -->\n<title>Xidm\u0259tl\u0259r - WediaCorp AZ<\/title>\n<meta name=\"description\" content=\"SEO Xidm\u0259ti, M\u0259zmun Lisenziyas\u0131, Texniki D\u0259st\u0259k v\u0259 M\u0259sl\u0259h\u0259t, Kanal \u0130dar\u0259etm\u0259, Optimalla\u015fd\u0131rma, Reputasiya \u0130dar\u0259etm\u0259, Brend \u0130dar\u0259etm\u0259, Bazar v\u0259 M\u0259zmun Analizi.\" \/>\n<meta name=\"robots\" content=\"index, follow, max-snippet:-1, max-image-preview:large, max-video-preview:-1\" \/>\n<link rel=\"canonical\" href=\"https:\/\/wediacorp.com\/az\/services\/\" \/>\n<meta property=\"og:locale\" content=\"az_AZ\" \/>\n<meta property=\"og:type\" content=\"article\" \/>\n<meta property=\"og:title\" content=\"Xidm\u0259tl\u0259r - WediaCorp AZ\" \/>\n<meta property=\"og:description\" content=\"SEO Xidm\u0259ti, M\u0259zmun Lisenziyas\u0131, Texniki D\u0259st\u0259k v\u0259 M\u0259sl\u0259h\u0259t, Kanal \u0130dar\u0259etm\u0259, Optimalla\u015fd\u0131rma, Reputasiya \u0130dar\u0259etm\u0259, Brend \u0130dar\u0259etm\u0259, Bazar v\u0259 M\u0259zmun Analizi.\" \/>\n<meta property=\"og:url\" content=\"https:\/\/wediacorp.com\/az\/services\/\" \/>\n<meta property=\"og:site_name\" content=\"WediaCorp AZ\" \/>\n<meta property=\"article:modified_time\" content=\"2023-10-13T12:12:50+00:00\" \/>\n<meta name=\"twitter:card\" content=\"summary_large_image\" \/>\n<script type=\"application\/ld+json\" class=\"yoast-schema-graph\">{\"@context\":\"https:\\\/\\\/schema.org\",\"@graph\":[{\"@type\":\"WebPage\",\"@id\":\"https:\\\/\\\/wediacorp.com\\\/az\\\/services\\\/\",\"url\":\"https:\\\/\\\/wediacorp.com\\\/az\\\/services\\\/\",\"name\":\"Xidm\u0259tl\u0259r - WediaCorp AZ\",\"isPartOf\":{\"@id\":\"https:\\\/\\\/wediacorp.com\\\/az\\\/#website\"},\"datePublished\":\"2023-06-22T01:52:35+00:00\",\"dateModified\":\"2023-10-13T12:12:50+00:00\",\"description\":\"SEO Xidm\u0259ti, M\u0259zmun Lisenziyas\u0131, Texniki D\u0259st\u0259k v\u0259 M\u0259sl\u0259h\u0259t, Kanal \u0130dar\u0259etm\u0259, Optimalla\u015fd\u0131rma, Reputasiya \u0130dar\u0259etm\u0259, Brend \u0130dar\u0259etm\u0259, Bazar v\u0259 M\u0259zmun Analizi.\",\"breadcrumb\":{\"@id\":\"https:\\\/\\\/wediacorp.com\\\/az\\\/services\\\/#breadcrumb\"},\"inLanguage\":\"az\",\"potentialAction\":[{\"@type\":\"ReadAction\",\"target\":[\"https:\\\/\\\/wediacorp.com\\\/az\\\/services\\\/\"]}]},{\"@type\":\"BreadcrumbList\",\"@id\":\"https:\\\/\\\/wediacorp.com\\\/az\\\/services\\\/#breadcrumb\",\"itemListElement\":[{\"@type\":\"ListItem\",\"position\":1,\"name\":\"Anasayfa\",\"item\":\"https:\\\/\\\/wediacorp.com\\\/az\\\/\"},{\"@type\":\"ListItem\",\"position\":2,\"name\":\"Xidm\u0259tl\u0259r\"}]},{\"@type\":\"WebSite\",\"@id\":\"https:\\\/\\\/wediacorp.com\\\/az\\\/#website\",\"url\":\"https:\\\/\\\/wediacorp.com\\\/az\\\/\",\"name\":\"WediaCorp AZ\",\"description\":\"With our experienced team and the privilege of being the official business partner of Google, Youtube, Dailymotion, we ensure that you are ahead of your competitors.\",\"potentialAction\":[{\"@type\":\"SearchAction\",\"target\":{\"@type\":\"EntryPoint\",\"urlTemplate\":\"https:\\\/\\\/wediacorp.com\\\/az\\\/?s={search_term_string}\"},\"query-input\":{\"@type\":\"PropertyValueSpecification\",\"valueRequired\":true,\"valueName\":\"search_term_string\"}}],\"inLanguage\":\"az\"}]}<\/script>\n<!-- \/ Yoast SEO plugin. -->","yoast_head_json":{"title":"Xidm\u0259tl\u0259r - WediaCorp AZ","description":"SEO Xidm\u0259ti, M\u0259zmun Lisenziyas\u0131, Texniki D\u0259st\u0259k v\u0259 M\u0259sl\u0259h\u0259t, Kanal \u0130dar\u0259etm\u0259, Optimalla\u015fd\u0131rma, Reputasiya \u0130dar\u0259etm\u0259, Brend \u0130dar\u0259etm\u0259, Bazar v\u0259 M\u0259zmun Analizi.","robots":{"index":"index","follow":"follow","max-snippet":"max-snippet:-1","max-image-preview":"max-image-preview:large","max-video-preview":"max-video-preview:-1"},"canonical":"https:\/\/wediacorp.com\/az\/services\/","og_locale":"az_AZ","og_type":"article","og_title":"Xidm\u0259tl\u0259r - WediaCorp AZ","og_description":"SEO Xidm\u0259ti, M\u0259zmun Lisenziyas\u0131, Texniki D\u0259st\u0259k v\u0259 M\u0259sl\u0259h\u0259t, Kanal \u0130dar\u0259etm\u0259, Optimalla\u015fd\u0131rma, Reputasiya \u0130dar\u0259etm\u0259, Brend \u0130dar\u0259etm\u0259, Bazar v\u0259 M\u0259zmun Analizi.","og_url":"https:\/\/wediacorp.com\/az\/services\/","og_site_name":"WediaCorp AZ","article_modified_time":"2023-10-13T12:12:50+00:00","twitter_card":"summary_large_image","schema":{"@context":"https:\/\/schema.org","@graph":[{"@type":"WebPage","@id":"https:\/\/wediacorp.com\/az\/services\/","url":"https:\/\/wediacorp.com\/az\/services\/","name":"Xidm\u0259tl\u0259r - WediaCorp AZ","isPartOf":{"@id":"https:\/\/wediacorp.com\/az\/#website"},"datePublished":"2023-06-22T01:52:35+00:00","dateModified":"2023-10-13T12:12:50+00:00","description":"SEO Xidm\u0259ti, M\u0259zmun Lisenziyas\u0131, Texniki D\u0259st\u0259k v\u0259 M\u0259sl\u0259h\u0259t, Kanal \u0130dar\u0259etm\u0259, Optimalla\u015fd\u0131rma, Reputasiya \u0130dar\u0259etm\u0259, Brend \u0130dar\u0259etm\u0259, Bazar v\u0259 M\u0259zmun Analizi.","breadcrumb":{"@id":"https:\/\/wediacorp.com\/az\/services\/#breadcrumb"},"inLanguage":"az","potentialAction":[{"@type":"ReadAction","target":["https:\/\/wediacorp.com\/az\/services\/"]}]},{"@type":"BreadcrumbList","@id":"https:\/\/wediacorp.com\/az\/services\/#breadcrumb","itemListElement":[{"@type":"ListItem","position":1,"name":"Anasayfa","item":"https:\/\/wediacorp.com\/az\/"},{"@type":"ListItem","position":2,"name":"Xidm\u0259tl\u0259r"}]},{"@type":"WebSite","@id":"https:\/\/wediacorp.com\/az\/#website","url":"https:\/\/wediacorp.com\/az\/","name":"WediaCorp AZ","description":"With our experienced team and the privilege of being the official business partner of Google, Youtube, Dailymotion, we ensure that you are ahead of your competitors.","potentialAction":[{"@type":"SearchAction","target":{"@type":"EntryPoint","urlTemplate":"https:\/\/wediacorp.com\/az\/?s={search_term_string}"},"query-input":{"@type":"PropertyValueSpecification","valueRequired":true,"valueName":"search_term_string"}}],"inLanguage":"az"}]}},"_links":{"self":[{"href":"https:\/\/wediacorp.com\/az\/wp-json\/wp\/v2\/pages\/118","targetHints":{"allow":["GET"]}}],"collection":[{"href":"https:\/\/wediacorp.com\/az\/wp-json\/wp\/v2\/pages"}],"about":[{"href":"https:\/\/wediacorp.com\/az\/wp-json\/wp\/v2\/types\/page"}],"author":[{"embeddable":true,"href":"https:\/\/wediacorp.com\/az\/wp-json\/wp\/v2\/users\/1"}],"replies":[{"embeddable":true,"href":"https:\/\/wediacorp.com\/az\/wp-json\/wp\/v2\/comments?post=118"}],"version-history":[{"count":0,"href":"https:\/\/wediacorp.com\/az\/wp-json\/wp\/v2\/pages\/118\/revisions"}],"wp:attachment":[{"href":"https:\/\/wediacorp.com\/az\/wp-json\/wp\/v2\/media?parent=118"}],"curies":[{"name":"wp","href":"https:\/\/api.w.org\/{rel}","templated":true}]}}