{"id":143,"date":"2023-06-23T01:16:59","date_gmt":"2023-06-22T22:16:59","guid":{"rendered":"https:\/\/wediacorp.com\/az\/?page_id=143"},"modified":"2023-11-18T12:09:14","modified_gmt":"2023-11-18T09:09:14","slug":"home","status":"publish","type":"page","link":"https:\/\/wediacorp.com\/az\/","title":{"rendered":"Ana s\u0259hif\u0259"},"content":{"rendered":"","protected":false},"excerpt":{"rendered":"","protected":false},"author":1,"featured_media":0,"parent":0,"menu_order":0,"comment_status":"closed","ping_status":"closed","template":"template-parts\/home.php","meta":{"footnotes":""},"class_list":["post-143","page","type-page","status-publish","hentry"],"acf":[],"yoast_head":"<!-- This site is optimized with the Yoast SEO plugin v27.4 - https:\/\/yoast.com\/product\/yoast-seo-wordpress\/ -->\n<title>WediaCorp AZ - Youtube - Dailymotion - Meta R\u0259smi Partnyor<\/title>\n<meta name=\"description\" content=\"T\u0259cr\u00fcb\u0259li komandam\u0131z v\u0259 Google, Youtube, Dailymotion \u015firk\u0259tl\u0259rinin r\u0259smi partnyoru olmaq imtiyaz\u0131m\u0131zla, sizin r\u0259qibl\u0259rinizd\u0259n \u00f6nd\u0259 olma\u011f\u0131n\u0131z\u0131 t\u0259min edirik.\" \/>\n<meta name=\"robots\" content=\"index, follow, max-snippet:-1, max-image-preview:large, max-video-preview:-1\" \/>\n<link rel=\"canonical\" href=\"https:\/\/wediacorp.com\/az\/\" \/>\n<meta property=\"og:locale\" content=\"az_AZ\" \/>\n<meta property=\"og:type\" content=\"article\" \/>\n<meta property=\"og:title\" content=\"WediaCorp AZ - Youtube - Dailymotion - Meta R\u0259smi Partnyor\" \/>\n<meta property=\"og:description\" content=\"T\u0259cr\u00fcb\u0259li komandam\u0131z v\u0259 Google, Youtube, Dailymotion \u015firk\u0259tl\u0259rinin r\u0259smi partnyoru olmaq imtiyaz\u0131m\u0131zla, sizin r\u0259qibl\u0259rinizd\u0259n \u00f6nd\u0259 olma\u011f\u0131n\u0131z\u0131 t\u0259min edirik.\" \/>\n<meta property=\"og:url\" content=\"https:\/\/wediacorp.com\/az\/\" \/>\n<meta property=\"og:site_name\" content=\"WediaCorp AZ\" \/>\n<meta property=\"article:modified_time\" content=\"2023-11-18T09:09:14+00:00\" \/>\n<meta name=\"twitter:card\" content=\"summary_large_image\" \/>\n<script type=\"application\/ld+json\" class=\"yoast-schema-graph\">{\"@context\":\"https:\\\/\\\/schema.org\",\"@graph\":[{\"@type\":\"WebPage\",\"@id\":\"https:\\\/\\\/wediacorp.com\\\/az\\\/\",\"url\":\"https:\\\/\\\/wediacorp.com\\\/az\\\/\",\"name\":\"WediaCorp AZ - Youtube - Dailymotion - Meta R\u0259smi Partnyor\",\"isPartOf\":{\"@id\":\"https:\\\/\\\/wediacorp.com\\\/az\\\/#website\"},\"datePublished\":\"2023-06-22T22:16:59+00:00\",\"dateModified\":\"2023-11-18T09:09:14+00:00\",\"description\":\"T\u0259cr\u00fcb\u0259li komandam\u0131z v\u0259 Google, Youtube, Dailymotion \u015firk\u0259tl\u0259rinin r\u0259smi partnyoru olmaq imtiyaz\u0131m\u0131zla, sizin r\u0259qibl\u0259rinizd\u0259n \u00f6nd\u0259 olma\u011f\u0131n\u0131z\u0131 t\u0259min edirik.\",\"breadcrumb\":{\"@id\":\"https:\\\/\\\/wediacorp.com\\\/az\\\/#breadcrumb\"},\"inLanguage\":\"az\",\"potentialAction\":[{\"@type\":\"ReadAction\",\"target\":[\"https:\\\/\\\/wediacorp.com\\\/az\\\/\"]}]},{\"@type\":\"BreadcrumbList\",\"@id\":\"https:\\\/\\\/wediacorp.com\\\/az\\\/#breadcrumb\",\"itemListElement\":[{\"@type\":\"ListItem\",\"position\":1,\"name\":\"Anasayfa\",\"item\":\"https:\\\/\\\/wediacorp.com\\\/az\\\/\"},{\"@type\":\"ListItem\",\"position\":2,\"name\":\"Ana s\u0259hif\u0259\"}]},{\"@type\":\"WebSite\",\"@id\":\"https:\\\/\\\/wediacorp.com\\\/az\\\/#website\",\"url\":\"https:\\\/\\\/wediacorp.com\\\/az\\\/\",\"name\":\"WediaCorp AZ\",\"description\":\"With our experienced team and the privilege of being the official business partner of Google, Youtube, Dailymotion, we ensure that you are ahead of your competitors.\",\"potentialAction\":[{\"@type\":\"SearchAction\",\"target\":{\"@type\":\"EntryPoint\",\"urlTemplate\":\"https:\\\/\\\/wediacorp.com\\\/az\\\/?s={search_term_string}\"},\"query-input\":{\"@type\":\"PropertyValueSpecification\",\"valueRequired\":true,\"valueName\":\"search_term_string\"}}],\"inLanguage\":\"az\"}]}<\/script>\n<!-- \/ Yoast SEO plugin. -->","yoast_head_json":{"title":"WediaCorp AZ - Youtube - Dailymotion - Meta R\u0259smi Partnyor","description":"T\u0259cr\u00fcb\u0259li komandam\u0131z v\u0259 Google, Youtube, Dailymotion \u015firk\u0259tl\u0259rinin r\u0259smi partnyoru olmaq imtiyaz\u0131m\u0131zla, sizin r\u0259qibl\u0259rinizd\u0259n \u00f6nd\u0259 olma\u011f\u0131n\u0131z\u0131 t\u0259min edirik.","robots":{"index":"index","follow":"follow","max-snippet":"max-snippet:-1","max-image-preview":"max-image-preview:large","max-video-preview":"max-video-preview:-1"},"canonical":"https:\/\/wediacorp.com\/az\/","og_locale":"az_AZ","og_type":"article","og_title":"WediaCorp AZ - Youtube - Dailymotion - Meta R\u0259smi Partnyor","og_description":"T\u0259cr\u00fcb\u0259li komandam\u0131z v\u0259 Google, Youtube, Dailymotion \u015firk\u0259tl\u0259rinin r\u0259smi partnyoru olmaq imtiyaz\u0131m\u0131zla, sizin r\u0259qibl\u0259rinizd\u0259n \u00f6nd\u0259 olma\u011f\u0131n\u0131z\u0131 t\u0259min edirik.","og_url":"https:\/\/wediacorp.com\/az\/","og_site_name":"WediaCorp AZ","article_modified_time":"2023-11-18T09:09:14+00:00","twitter_card":"summary_large_image","schema":{"@context":"https:\/\/schema.org","@graph":[{"@type":"WebPage","@id":"https:\/\/wediacorp.com\/az\/","url":"https:\/\/wediacorp.com\/az\/","name":"WediaCorp AZ - Youtube - Dailymotion - Meta R\u0259smi Partnyor","isPartOf":{"@id":"https:\/\/wediacorp.com\/az\/#website"},"datePublished":"2023-06-22T22:16:59+00:00","dateModified":"2023-11-18T09:09:14+00:00","description":"T\u0259cr\u00fcb\u0259li komandam\u0131z v\u0259 Google, Youtube, Dailymotion \u015firk\u0259tl\u0259rinin r\u0259smi partnyoru olmaq imtiyaz\u0131m\u0131zla, sizin r\u0259qibl\u0259rinizd\u0259n \u00f6nd\u0259 olma\u011f\u0131n\u0131z\u0131 t\u0259min edirik.","breadcrumb":{"@id":"https:\/\/wediacorp.com\/az\/#breadcrumb"},"inLanguage":"az","potentialAction":[{"@type":"ReadAction","target":["https:\/\/wediacorp.com\/az\/"]}]},{"@type":"BreadcrumbList","@id":"https:\/\/wediacorp.com\/az\/#breadcrumb","itemListElement":[{"@type":"ListItem","position":1,"name":"Anasayfa","item":"https:\/\/wediacorp.com\/az\/"},{"@type":"ListItem","position":2,"name":"Ana s\u0259hif\u0259"}]},{"@type":"WebSite","@id":"https:\/\/wediacorp.com\/az\/#website","url":"https:\/\/wediacorp.com\/az\/","name":"WediaCorp AZ","description":"With our experienced team and the privilege of being the official business partner of Google, Youtube, Dailymotion, we ensure that you are ahead of your competitors.","potentialAction":[{"@type":"SearchAction","target":{"@type":"EntryPoint","urlTemplate":"https:\/\/wediacorp.com\/az\/?s={search_term_string}"},"query-input":{"@type":"PropertyValueSpecification","valueRequired":true,"valueName":"search_term_string"}}],"inLanguage":"az"}]}},"_links":{"self":[{"href":"https:\/\/wediacorp.com\/az\/wp-json\/wp\/v2\/pages\/143","targetHints":{"allow":["GET"]}}],"collection":[{"href":"https:\/\/wediacorp.com\/az\/wp-json\/wp\/v2\/pages"}],"about":[{"href":"https:\/\/wediacorp.com\/az\/wp-json\/wp\/v2\/types\/page"}],"author":[{"embeddable":true,"href":"https:\/\/wediacorp.com\/az\/wp-json\/wp\/v2\/users\/1"}],"replies":[{"embeddable":true,"href":"https:\/\/wediacorp.com\/az\/wp-json\/wp\/v2\/comments?post=143"}],"version-history":[{"count":2,"href":"https:\/\/wediacorp.com\/az\/wp-json\/wp\/v2\/pages\/143\/revisions"}],"predecessor-version":[{"id":20181,"href":"https:\/\/wediacorp.com\/az\/wp-json\/wp\/v2\/pages\/143\/revisions\/20181"}],"wp:attachment":[{"href":"https:\/\/wediacorp.com\/az\/wp-json\/wp\/v2\/media?parent=143"}],"curies":[{"name":"wp","href":"https:\/\/api.w.org\/{rel}","templated":true}]}}