{"id":173,"date":"2023-06-23T02:50:54","date_gmt":"2023-06-22T23:50:54","guid":{"rendered":"https:\/\/wediacorp.com\/az\/?page_id=173"},"modified":"2023-11-17T22:42:16","modified_gmt":"2023-11-17T19:42:16","slug":"careers","status":"publish","type":"page","link":"https:\/\/wediacorp.com\/az\/careers\/","title":{"rendered":"Karyera"},"content":{"rendered":"<h2 class=\"wedia-career-title\">Texnologiyan\u0131n \u0130zind\u0259 Karyera \u0130mkan\u0131!<\/h2>\n<p class=\"first-desc\">\u0130nnovativ ideyalar\u0131n t\u0259\u015fviq edildiyi bir i\u015f al\u0259mind\u0259 biz d\u00fcnya miqyas\u0131nda qlobal biznes imkanlar\u0131n\u0131n m\u00fc\u015ft\u0259rinin portfelin\u0259 xidm\u0259t etm\u0259sin\u0259 d\u0259st\u0259k veririk.<\/p>\n<p>Karyeran\u0131zda m\u00f6hk\u0259m add\u0131mlar atma\u011fa, texnologiya v\u0259 r\u0259q\u0259msal al\u0259m olaraq s\u00fcr\u0259tl\u0259 inki\u015faf ed\u0259n bu sektorun m\u00fcxt\u0259lif sah\u0259l\u0259rind\u0259 ixtisasla\u015fma imkan\u0131 qazanmaq v\u0259 komandam\u0131z\u0131n bir hiss\u0259si olma\u011fa haz\u0131rs\u0131n\u0131zm\u0131?<\/p>\n<p class=\"career-goal\">Xo\u015fb\u0259xt i\u015f h\u0259yat\u0131 yaln\u0131z d\u00fczg\u00fcn karyera h\u0259d\u0259fl\u0259ri v\u0259 ideyallar\u0131 il\u0259 m\u00fcmk\u00fcnd\u00fcr.<\/p>\n","protected":false},"excerpt":{"rendered":"<p>Texnologiyan\u0131n \u0130zind\u0259 Karyera \u0130mkan\u0131! \u0130nnovativ ideyalar\u0131n t\u0259\u015fviq edildiyi bir i\u015f al\u0259mind\u0259 biz d\u00fcnya miqyas\u0131nda qlobal biznes imkanlar\u0131n\u0131n m\u00fc\u015ft\u0259rinin portfelin\u0259 xidm\u0259t etm\u0259sin\u0259 d\u0259st\u0259k veririk. Karyeran\u0131zda m\u00f6hk\u0259m add\u0131mlar atma\u011fa, texnologiya v\u0259 r\u0259q\u0259msal al\u0259m olaraq s\u00fcr\u0259tl\u0259 inki\u015faf ed\u0259n bu sektorun m\u00fcxt\u0259lif sah\u0259l\u0259rind\u0259 ixtisasla\u015fma imkan\u0131 qazanmaq v\u0259 komandam\u0131z\u0131n bir hiss\u0259si olma\u011fa haz\u0131rs\u0131n\u0131zm\u0131? Xo\u015fb\u0259xt i\u015f h\u0259yat\u0131 yaln\u0131z d\u00fczg\u00fcn karyera h\u0259d\u0259fl\u0259ri [&hellip;]<\/p>\n","protected":false},"author":1,"featured_media":0,"parent":0,"menu_order":0,"comment_status":"closed","ping_status":"closed","template":"template-parts\/careers.php","meta":{"footnotes":""},"class_list":["post-173","page","type-page","status-publish","hentry"],"acf":[],"yoast_head":"<!-- This site is optimized with the Yoast SEO plugin v27.4 - https:\/\/yoast.com\/product\/yoast-seo-wordpress\/ -->\n<title>Karyera - WediaCorp AZ<\/title>\n<meta name=\"robots\" content=\"index, follow, max-snippet:-1, max-image-preview:large, max-video-preview:-1\" \/>\n<link rel=\"canonical\" href=\"https:\/\/wediacorp.com\/az\/careers\/\" \/>\n<meta property=\"og:locale\" content=\"az_AZ\" \/>\n<meta property=\"og:type\" content=\"article\" \/>\n<meta property=\"og:title\" content=\"Karyera - WediaCorp AZ\" \/>\n<meta property=\"og:description\" content=\"Texnologiyan\u0131n \u0130zind\u0259 Karyera \u0130mkan\u0131! \u0130nnovativ ideyalar\u0131n t\u0259\u015fviq edildiyi bir i\u015f al\u0259mind\u0259 biz d\u00fcnya miqyas\u0131nda qlobal biznes imkanlar\u0131n\u0131n m\u00fc\u015ft\u0259rinin portfelin\u0259 xidm\u0259t etm\u0259sin\u0259 d\u0259st\u0259k veririk. Karyeran\u0131zda m\u00f6hk\u0259m add\u0131mlar atma\u011fa, texnologiya v\u0259 r\u0259q\u0259msal al\u0259m olaraq s\u00fcr\u0259tl\u0259 inki\u015faf ed\u0259n bu sektorun m\u00fcxt\u0259lif sah\u0259l\u0259rind\u0259 ixtisasla\u015fma imkan\u0131 qazanmaq v\u0259 komandam\u0131z\u0131n bir hiss\u0259si olma\u011fa haz\u0131rs\u0131n\u0131zm\u0131? Xo\u015fb\u0259xt i\u015f h\u0259yat\u0131 yaln\u0131z d\u00fczg\u00fcn karyera h\u0259d\u0259fl\u0259ri [&hellip;]\" \/>\n<meta property=\"og:url\" content=\"https:\/\/wediacorp.com\/az\/careers\/\" \/>\n<meta property=\"og:site_name\" content=\"WediaCorp AZ\" \/>\n<meta property=\"article:modified_time\" content=\"2023-11-17T19:42:16+00:00\" \/>\n<meta name=\"twitter:card\" content=\"summary_large_image\" \/>\n<meta name=\"twitter:label1\" content=\"Est. reading time\" \/>\n\t<meta name=\"twitter:data1\" content=\"1 minute\" \/>\n<script type=\"application\/ld+json\" class=\"yoast-schema-graph\">{\"@context\":\"https:\\\/\\\/schema.org\",\"@graph\":[{\"@type\":\"WebPage\",\"@id\":\"https:\\\/\\\/wediacorp.com\\\/az\\\/careers\\\/\",\"url\":\"https:\\\/\\\/wediacorp.com\\\/az\\\/careers\\\/\",\"name\":\"Karyera - WediaCorp AZ\",\"isPartOf\":{\"@id\":\"https:\\\/\\\/wediacorp.com\\\/az\\\/#website\"},\"datePublished\":\"2023-06-22T23:50:54+00:00\",\"dateModified\":\"2023-11-17T19:42:16+00:00\",\"breadcrumb\":{\"@id\":\"https:\\\/\\\/wediacorp.com\\\/az\\\/careers\\\/#breadcrumb\"},\"inLanguage\":\"az\",\"potentialAction\":[{\"@type\":\"ReadAction\",\"target\":[\"https:\\\/\\\/wediacorp.com\\\/az\\\/careers\\\/\"]}]},{\"@type\":\"BreadcrumbList\",\"@id\":\"https:\\\/\\\/wediacorp.com\\\/az\\\/careers\\\/#breadcrumb\",\"itemListElement\":[{\"@type\":\"ListItem\",\"position\":1,\"name\":\"Anasayfa\",\"item\":\"https:\\\/\\\/wediacorp.com\\\/az\\\/\"},{\"@type\":\"ListItem\",\"position\":2,\"name\":\"Karyera\"}]},{\"@type\":\"WebSite\",\"@id\":\"https:\\\/\\\/wediacorp.com\\\/az\\\/#website\",\"url\":\"https:\\\/\\\/wediacorp.com\\\/az\\\/\",\"name\":\"WediaCorp AZ\",\"description\":\"With our experienced team and the privilege of being the official business partner of Google, Youtube, Dailymotion, we ensure that you are ahead of your competitors.\",\"potentialAction\":[{\"@type\":\"SearchAction\",\"target\":{\"@type\":\"EntryPoint\",\"urlTemplate\":\"https:\\\/\\\/wediacorp.com\\\/az\\\/?s={search_term_string}\"},\"query-input\":{\"@type\":\"PropertyValueSpecification\",\"valueRequired\":true,\"valueName\":\"search_term_string\"}}],\"inLanguage\":\"az\"}]}<\/script>\n<!-- \/ Yoast SEO plugin. -->","yoast_head_json":{"title":"Karyera - WediaCorp AZ","robots":{"index":"index","follow":"follow","max-snippet":"max-snippet:-1","max-image-preview":"max-image-preview:large","max-video-preview":"max-video-preview:-1"},"canonical":"https:\/\/wediacorp.com\/az\/careers\/","og_locale":"az_AZ","og_type":"article","og_title":"Karyera - WediaCorp AZ","og_description":"Texnologiyan\u0131n \u0130zind\u0259 Karyera \u0130mkan\u0131! \u0130nnovativ ideyalar\u0131n t\u0259\u015fviq edildiyi bir i\u015f al\u0259mind\u0259 biz d\u00fcnya miqyas\u0131nda qlobal biznes imkanlar\u0131n\u0131n m\u00fc\u015ft\u0259rinin portfelin\u0259 xidm\u0259t etm\u0259sin\u0259 d\u0259st\u0259k veririk. Karyeran\u0131zda m\u00f6hk\u0259m add\u0131mlar atma\u011fa, texnologiya v\u0259 r\u0259q\u0259msal al\u0259m olaraq s\u00fcr\u0259tl\u0259 inki\u015faf ed\u0259n bu sektorun m\u00fcxt\u0259lif sah\u0259l\u0259rind\u0259 ixtisasla\u015fma imkan\u0131 qazanmaq v\u0259 komandam\u0131z\u0131n bir hiss\u0259si olma\u011fa haz\u0131rs\u0131n\u0131zm\u0131? Xo\u015fb\u0259xt i\u015f h\u0259yat\u0131 yaln\u0131z d\u00fczg\u00fcn karyera h\u0259d\u0259fl\u0259ri [&hellip;]","og_url":"https:\/\/wediacorp.com\/az\/careers\/","og_site_name":"WediaCorp AZ","article_modified_time":"2023-11-17T19:42:16+00:00","twitter_card":"summary_large_image","twitter_misc":{"Est. reading time":"1 minute"},"schema":{"@context":"https:\/\/schema.org","@graph":[{"@type":"WebPage","@id":"https:\/\/wediacorp.com\/az\/careers\/","url":"https:\/\/wediacorp.com\/az\/careers\/","name":"Karyera - WediaCorp AZ","isPartOf":{"@id":"https:\/\/wediacorp.com\/az\/#website"},"datePublished":"2023-06-22T23:50:54+00:00","dateModified":"2023-11-17T19:42:16+00:00","breadcrumb":{"@id":"https:\/\/wediacorp.com\/az\/careers\/#breadcrumb"},"inLanguage":"az","potentialAction":[{"@type":"ReadAction","target":["https:\/\/wediacorp.com\/az\/careers\/"]}]},{"@type":"BreadcrumbList","@id":"https:\/\/wediacorp.com\/az\/careers\/#breadcrumb","itemListElement":[{"@type":"ListItem","position":1,"name":"Anasayfa","item":"https:\/\/wediacorp.com\/az\/"},{"@type":"ListItem","position":2,"name":"Karyera"}]},{"@type":"WebSite","@id":"https:\/\/wediacorp.com\/az\/#website","url":"https:\/\/wediacorp.com\/az\/","name":"WediaCorp AZ","description":"With our experienced team and the privilege of being the official business partner of Google, Youtube, Dailymotion, we ensure that you are ahead of your competitors.","potentialAction":[{"@type":"SearchAction","target":{"@type":"EntryPoint","urlTemplate":"https:\/\/wediacorp.com\/az\/?s={search_term_string}"},"query-input":{"@type":"PropertyValueSpecification","valueRequired":true,"valueName":"search_term_string"}}],"inLanguage":"az"}]}},"_links":{"self":[{"href":"https:\/\/wediacorp.com\/az\/wp-json\/wp\/v2\/pages\/173","targetHints":{"allow":["GET"]}}],"collection":[{"href":"https:\/\/wediacorp.com\/az\/wp-json\/wp\/v2\/pages"}],"about":[{"href":"https:\/\/wediacorp.com\/az\/wp-json\/wp\/v2\/types\/page"}],"author":[{"embeddable":true,"href":"https:\/\/wediacorp.com\/az\/wp-json\/wp\/v2\/users\/1"}],"replies":[{"embeddable":true,"href":"https:\/\/wediacorp.com\/az\/wp-json\/wp\/v2\/comments?post=173"}],"version-history":[{"count":2,"href":"https:\/\/wediacorp.com\/az\/wp-json\/wp\/v2\/pages\/173\/revisions"}],"predecessor-version":[{"id":20188,"href":"https:\/\/wediacorp.com\/az\/wp-json\/wp\/v2\/pages\/173\/revisions\/20188"}],"wp:attachment":[{"href":"https:\/\/wediacorp.com\/az\/wp-json\/wp\/v2\/media?parent=173"}],"curies":[{"name":"wp","href":"https:\/\/api.w.org\/{rel}","templated":true}]}}