{"id":20035,"date":"2023-10-02T14:33:37","date_gmt":"2023-10-02T11:33:37","guid":{"rendered":"https:\/\/wediacorp.com\/az\/?page_id=20035"},"modified":"2023-10-13T15:13:07","modified_gmt":"2023-10-13T12:13:07","slug":"youtube-certificated-partners","status":"publish","type":"page","link":"https:\/\/wediacorp.com\/az\/youtube-certificated-partners\/","title":{"rendered":"Youtube Sertifikatl\u0131 T\u0259r\u0259fda\u015flar"},"content":{"rendered":"<p><strong>YouTube SEO Xidm\u0259ti<\/strong><br \/>\nR\u0259q\u0259msal olaraq haz\u0131rlanm\u0131\u015f video m\u0259zmunun d\u00fczg\u00fcn etiket v\u0259 d\u00fczg\u00fcn m\u0259tnl\u0259 \u00e7atmas\u0131 \u00fc\u00e7\u00fcn seo uy\u011fun m\u0259tnl\u0259r haz\u0131rlay\u0131r v\u0259 onlar\u0131 do\u011fru etiketl\u0259 birl\u0259\u015fdir\u0259r\u0259k videonuzu h\u0259d\u0259f auditoriyan\u0131za \u00e7atd\u0131r\u0131r\u0131q.<\/p>\n<p><strong>M\u0259zmun Lisenziyas\u0131<\/strong><br \/>\nR\u0259q\u0259msal olaraq haz\u0131rlanm\u0131\u015f m\u0259zmunun istifad\u0259\u00e7i siyas\u0259tl\u0259rin\u0259 uy\u011fun olaraq istifad\u0259 oluna v\u0259 payla\u015f\u0131la bil\u0259c\u0259yi \u015f\u0259rtl\u0259ri idar\u0259 edirik. R\u0259q\u0259msal olaraq haz\u0131rlanm\u0131\u015f m\u0259zmunun fayl\u0131na x\u00fcsusi identifikatorlar yerl\u0259\u015fdirm\u0259kl\u0259 biz istehsal olunan m\u0259zmunu kopyalanmadan qoruyuruq. Kopyalanm\u0131\u015f m\u0259zmununuzu monetizasiya etm\u0259k \u00fc\u00e7\u00fcn h\u00fcquqlar\u0131n idar\u0259 edilm\u0259sini d\u0259 h\u0259yata ke\u00e7iririk. YouTube, DailyMoiton, Izlesene, MailRu v\u0259 VK il\u0259 r\u0259smi t\u0259r\u0259fda\u015fl\u0131\u011f\u0131m\u0131z say\u0259sind\u0259 m\u0259zmununuzu h\u0259r bir r\u0259q\u0259msal platformada qoruyuruq.<\/p>\n<p><strong>Texniki D\u0259st\u0259k v\u0259 M\u0259sl\u0259h\u0259t\u00e7ilik<\/strong><br \/>\nYouTube-da kanal\u0131n\u0131zla ba\u011fl\u0131 b\u00fct\u00fcn suallar\u0131n\u0131z v\u0259 probleml\u0259riniz \u00fc\u00e7\u00fcn ekspert komandam\u0131zla texniki d\u0259st\u0259k veririk. Kanal inki\u015faf\u0131, optimalla\u015fd\u0131rma, sponsorluq m\u00fcqavil\u0259l\u0259ri, AdWords reklamlar\u0131, \u0259laq\u0259li t\u0259r\u0259fl\u0259rin t\u0259hlili, probleml\u0259rin t\u0259hlili, h\u0259d\u0259f auditoriya t\u0259hlili, strategiya t\u0259hlili v\u0259 idar\u0259 edilm\u0259si t\u0259qdim etdiyimiz xidm\u0259tl\u0259r s\u0131ras\u0131ndad\u0131r.<\/p>\n<p><strong>Kanal \u0130dar\u0259etm\u0259<\/strong><br \/>\nYouTube kanal\u0131n\u0131z\u0131 cari YouTube alqoritml\u0259ri v\u0259 qaydalar\u0131 \u00e7\u0259r\u00e7iv\u0259sind\u0259 idar\u0259 edirik. Videolar\u0131 planla\u015fd\u0131rmaqla h\u0259d\u0259f auditoriyan\u0131zla \u0259n uy\u011fun zamanda v\u0259 \u0259n pe\u015f\u0259kar \u015f\u0259kild\u0259 g\u00f6r\u00fc\u015fm\u0259nizi t\u0259min edirik.<\/p>\n<p><strong>Optimalla\u015fd\u0131rma<\/strong><br \/>\nVideolar\u0131n\u0131za etdiyimiz optimalla\u015fd\u0131rmalarla YouTube v\u0259 ya Google axtar\u0131\u015flar\u0131nda daha y\u00fcks\u0259k yer tutma\u011f\u0131n\u0131z\u0131 v\u0259 daha \u00e7ox insana \u00e7atma\u011f\u0131n\u0131z\u0131 t\u0259min edirik. Etdiyimiz bu t\u0259nziml\u0259m\u0259l\u0259rl\u0259 videolar\u0131n\u0131z\u0131n reklam g\u0259lirl\u0259rini iki qat art\u0131r\u0131r\u0131q.<\/p>\n<p><strong>Reputasiyan\u0131n \u0130dar\u0259 Edilm\u0259si<\/strong><br \/>\nF\u0259rdi v\u0259 ya korporativ brend reputasiyas\u0131n\u0131n idar\u0259 edilm\u0259sind\u0259 brendl\u0259rin b\u00fct\u00fcn ehtiyaclar\u0131n\u0131 qar\u015f\u0131lay\u0131r\u0131q. Wediacorp olaraq brendinizl\u0259 sizin aran\u0131zda g\u00fccl\u00fc k\u00f6rp\u00fcl\u0259r qururuq v\u0259 sizi sektorunuzda apar\u0131c\u0131 \u015firk\u0259tl\u0259rd\u0259n biri etm\u0259k \u00fc\u00e7\u00fcn r\u0259q\u0259msal v\u0259 real kimlik i\u015fl\u0259rinizd\u0259 siz\u0259 h\u0259r c\u00fcr d\u0259st\u0259yi t\u0259klif edirik.<\/p>\n<p><strong>Brend \u0130dar\u0259etm\u0259<\/strong><br \/>\nWediacorp olaraq biz brendin yarad\u0131lmas\u0131ndan, strategiyan\u0131n haz\u0131rlanmas\u0131ndan, bazarda t\u0259hlild\u0259n, r\u0259qab\u0259t \u015f\u0259raitind\u0259 nec\u0259 u\u011fur qazanma\u011f\u0131n yollar\u0131ndan tutmu\u015f &#8220;Brend \u0130dar\u0259\u00e7iliyi&#8221;nd\u0259 h\u0259r add\u0131m\u0131 dizayn edir, g\u00fccl\u00fc brendl\u0259rin yarad\u0131lmas\u0131na istiqam\u0259t veririk.<\/p>\n<p><strong>T\u0259dbir v\u0259 T\u0259\u015fkilat<\/strong><br \/>\nWediaCorp olaraq, brendiniz v\u0259 YouTube kanal\u0131n\u0131z \u00fc\u00e7\u00fcn qeyd etm\u0259l\u0259r v\u0259 t\u0259qdimatlar kimi b\u00fct\u00fcn t\u0259dbirl\u0259ri planla\u015fd\u0131r\u0131r\u0131q. T\u0259dbir \u00fc\u00e7\u00fcn uy\u011fun m\u0259kan v\u0259 pe\u015f\u0259kar avadanl\u0131q d\u0259st\u0259yi il\u0259 unudulmaz t\u0259dbirl\u0259r t\u0259\u015fkil edirik.<\/p>\n<p><strong>Bazar v\u0259 M\u0259zmun Analizi<\/strong><br \/>\nKanal\u0131n\u0131z \u00fc\u00e7\u00fcn bazar v\u0259 m\u0259zmun analizi hesabat\u0131 haz\u0131rlay\u0131r, m\u00f6vzu il\u0259 ba\u011fl\u0131 n\u0259l\u0259rin edilm\u0259si laz\u0131m oldu\u011funa dair sizinl\u0259 yol x\u0259rit\u0259si yarad\u0131r v\u0259 birlikd\u0259 t\u0259tbiq edirik.<\/p>\n","protected":false},"excerpt":{"rendered":"<p>YouTube SEO Xidm\u0259ti R\u0259q\u0259msal olaraq haz\u0131rlanm\u0131\u015f video m\u0259zmunun d\u00fczg\u00fcn etiket v\u0259 d\u00fczg\u00fcn m\u0259tnl\u0259 \u00e7atmas\u0131 \u00fc\u00e7\u00fcn seo uy\u011fun m\u0259tnl\u0259r haz\u0131rlay\u0131r v\u0259 onlar\u0131 do\u011fru etiketl\u0259 birl\u0259\u015fdir\u0259r\u0259k videonuzu h\u0259d\u0259f auditoriyan\u0131za \u00e7atd\u0131r\u0131r\u0131q. M\u0259zmun Lisenziyas\u0131 R\u0259q\u0259msal olaraq haz\u0131rlanm\u0131\u015f m\u0259zmunun istifad\u0259\u00e7i siyas\u0259tl\u0259rin\u0259 uy\u011fun olaraq istifad\u0259 oluna v\u0259 payla\u015f\u0131la bil\u0259c\u0259yi \u015f\u0259rtl\u0259ri idar\u0259 edirik. R\u0259q\u0259msal olaraq haz\u0131rlanm\u0131\u015f m\u0259zmunun fayl\u0131na x\u00fcsusi identifikatorlar yerl\u0259\u015fdirm\u0259kl\u0259 biz [&hellip;]<\/p>\n","protected":false},"author":1,"featured_media":0,"parent":0,"menu_order":0,"comment_status":"closed","ping_status":"closed","template":"template-parts\/general-page.php","meta":{"footnotes":""},"class_list":["post-20035","page","type-page","status-publish","hentry"],"acf":[],"yoast_head":"<!-- This site is optimized with the Yoast SEO plugin v27.4 - https:\/\/yoast.com\/product\/yoast-seo-wordpress\/ -->\n<title>Youtube Sertifikatl\u0131 T\u0259r\u0259fda\u015flar - WediaCorp AZ<\/title>\n<meta name=\"description\" content=\"SEO Service, Content Licensing, Technical Support, Consulting, Channel Management, Optimization, Reputation Management, Brand Management, Market, Content Analysis\" \/>\n<meta name=\"robots\" content=\"index, follow, max-snippet:-1, max-image-preview:large, max-video-preview:-1\" \/>\n<link rel=\"canonical\" href=\"https:\/\/wediacorp.com\/az\/youtube-certificated-partners\/\" \/>\n<meta property=\"og:locale\" content=\"az_AZ\" \/>\n<meta property=\"og:type\" content=\"article\" \/>\n<meta property=\"og:title\" content=\"Youtube Sertifikatl\u0131 T\u0259r\u0259fda\u015flar - WediaCorp AZ\" \/>\n<meta property=\"og:description\" content=\"SEO Service, Content Licensing, Technical Support, Consulting, Channel Management, Optimization, Reputation Management, Brand Management, Market, Content Analysis\" \/>\n<meta property=\"og:url\" content=\"https:\/\/wediacorp.com\/az\/youtube-certificated-partners\/\" \/>\n<meta property=\"og:site_name\" content=\"WediaCorp AZ\" \/>\n<meta property=\"article:modified_time\" content=\"2023-10-13T12:13:07+00:00\" \/>\n<meta name=\"twitter:card\" content=\"summary_large_image\" \/>\n<meta name=\"twitter:label1\" content=\"Est. reading time\" \/>\n\t<meta name=\"twitter:data1\" content=\"2 minutes\" \/>\n<script type=\"application\/ld+json\" class=\"yoast-schema-graph\">{\"@context\":\"https:\\\/\\\/schema.org\",\"@graph\":[{\"@type\":\"WebPage\",\"@id\":\"https:\\\/\\\/wediacorp.com\\\/az\\\/youtube-certificated-partners\\\/\",\"url\":\"https:\\\/\\\/wediacorp.com\\\/az\\\/youtube-certificated-partners\\\/\",\"name\":\"Youtube Sertifikatl\u0131 T\u0259r\u0259fda\u015flar - WediaCorp AZ\",\"isPartOf\":{\"@id\":\"https:\\\/\\\/wediacorp.com\\\/az\\\/#website\"},\"datePublished\":\"2023-10-02T11:33:37+00:00\",\"dateModified\":\"2023-10-13T12:13:07+00:00\",\"description\":\"SEO Service, Content Licensing, Technical Support, Consulting, Channel Management, Optimization, Reputation Management, Brand Management, Market, Content Analysis\",\"breadcrumb\":{\"@id\":\"https:\\\/\\\/wediacorp.com\\\/az\\\/youtube-certificated-partners\\\/#breadcrumb\"},\"inLanguage\":\"az\",\"potentialAction\":[{\"@type\":\"ReadAction\",\"target\":[\"https:\\\/\\\/wediacorp.com\\\/az\\\/youtube-certificated-partners\\\/\"]}]},{\"@type\":\"BreadcrumbList\",\"@id\":\"https:\\\/\\\/wediacorp.com\\\/az\\\/youtube-certificated-partners\\\/#breadcrumb\",\"itemListElement\":[{\"@type\":\"ListItem\",\"position\":1,\"name\":\"Anasayfa\",\"item\":\"https:\\\/\\\/wediacorp.com\\\/az\\\/\"},{\"@type\":\"ListItem\",\"position\":2,\"name\":\"Youtube Sertifikatl\u0131 T\u0259r\u0259fda\u015flar\"}]},{\"@type\":\"WebSite\",\"@id\":\"https:\\\/\\\/wediacorp.com\\\/az\\\/#website\",\"url\":\"https:\\\/\\\/wediacorp.com\\\/az\\\/\",\"name\":\"WediaCorp AZ\",\"description\":\"With our experienced team and the privilege of being the official business partner of Google, Youtube, Dailymotion, we ensure that you are ahead of your competitors.\",\"potentialAction\":[{\"@type\":\"SearchAction\",\"target\":{\"@type\":\"EntryPoint\",\"urlTemplate\":\"https:\\\/\\\/wediacorp.com\\\/az\\\/?s={search_term_string}\"},\"query-input\":{\"@type\":\"PropertyValueSpecification\",\"valueRequired\":true,\"valueName\":\"search_term_string\"}}],\"inLanguage\":\"az\"}]}<\/script>\n<!-- \/ Yoast SEO plugin. -->","yoast_head_json":{"title":"Youtube Sertifikatl\u0131 T\u0259r\u0259fda\u015flar - WediaCorp AZ","description":"SEO Service, Content Licensing, Technical Support, Consulting, Channel Management, Optimization, Reputation Management, Brand Management, Market, Content Analysis","robots":{"index":"index","follow":"follow","max-snippet":"max-snippet:-1","max-image-preview":"max-image-preview:large","max-video-preview":"max-video-preview:-1"},"canonical":"https:\/\/wediacorp.com\/az\/youtube-certificated-partners\/","og_locale":"az_AZ","og_type":"article","og_title":"Youtube Sertifikatl\u0131 T\u0259r\u0259fda\u015flar - WediaCorp AZ","og_description":"SEO Service, Content Licensing, Technical Support, Consulting, Channel Management, Optimization, Reputation Management, Brand Management, Market, Content Analysis","og_url":"https:\/\/wediacorp.com\/az\/youtube-certificated-partners\/","og_site_name":"WediaCorp AZ","article_modified_time":"2023-10-13T12:13:07+00:00","twitter_card":"summary_large_image","twitter_misc":{"Est. reading time":"2 minutes"},"schema":{"@context":"https:\/\/schema.org","@graph":[{"@type":"WebPage","@id":"https:\/\/wediacorp.com\/az\/youtube-certificated-partners\/","url":"https:\/\/wediacorp.com\/az\/youtube-certificated-partners\/","name":"Youtube Sertifikatl\u0131 T\u0259r\u0259fda\u015flar - WediaCorp AZ","isPartOf":{"@id":"https:\/\/wediacorp.com\/az\/#website"},"datePublished":"2023-10-02T11:33:37+00:00","dateModified":"2023-10-13T12:13:07+00:00","description":"SEO Service, Content Licensing, Technical Support, Consulting, Channel Management, Optimization, Reputation Management, Brand Management, Market, Content Analysis","breadcrumb":{"@id":"https:\/\/wediacorp.com\/az\/youtube-certificated-partners\/#breadcrumb"},"inLanguage":"az","potentialAction":[{"@type":"ReadAction","target":["https:\/\/wediacorp.com\/az\/youtube-certificated-partners\/"]}]},{"@type":"BreadcrumbList","@id":"https:\/\/wediacorp.com\/az\/youtube-certificated-partners\/#breadcrumb","itemListElement":[{"@type":"ListItem","position":1,"name":"Anasayfa","item":"https:\/\/wediacorp.com\/az\/"},{"@type":"ListItem","position":2,"name":"Youtube Sertifikatl\u0131 T\u0259r\u0259fda\u015flar"}]},{"@type":"WebSite","@id":"https:\/\/wediacorp.com\/az\/#website","url":"https:\/\/wediacorp.com\/az\/","name":"WediaCorp AZ","description":"With our experienced team and the privilege of being the official business partner of Google, Youtube, Dailymotion, we ensure that you are ahead of your competitors.","potentialAction":[{"@type":"SearchAction","target":{"@type":"EntryPoint","urlTemplate":"https:\/\/wediacorp.com\/az\/?s={search_term_string}"},"query-input":{"@type":"PropertyValueSpecification","valueRequired":true,"valueName":"search_term_string"}}],"inLanguage":"az"}]}},"_links":{"self":[{"href":"https:\/\/wediacorp.com\/az\/wp-json\/wp\/v2\/pages\/20035","targetHints":{"allow":["GET"]}}],"collection":[{"href":"https:\/\/wediacorp.com\/az\/wp-json\/wp\/v2\/pages"}],"about":[{"href":"https:\/\/wediacorp.com\/az\/wp-json\/wp\/v2\/types\/page"}],"author":[{"embeddable":true,"href":"https:\/\/wediacorp.com\/az\/wp-json\/wp\/v2\/users\/1"}],"replies":[{"embeddable":true,"href":"https:\/\/wediacorp.com\/az\/wp-json\/wp\/v2\/comments?post=20035"}],"version-history":[{"count":0,"href":"https:\/\/wediacorp.com\/az\/wp-json\/wp\/v2\/pages\/20035\/revisions"}],"wp:attachment":[{"href":"https:\/\/wediacorp.com\/az\/wp-json\/wp\/v2\/media?parent=20035"}],"curies":[{"name":"wp","href":"https:\/\/api.w.org\/{rel}","templated":true}]}}