{"id":107,"date":"2023-06-22T04:41:35","date_gmt":"2023-06-22T01:41:35","guid":{"rendered":"https:\/\/wediacorp.com\/tr\/?page_id=107"},"modified":"2023-10-03T01:49:52","modified_gmt":"2023-10-02T22:49:52","slug":"milestone","status":"publish","type":"page","link":"https:\/\/wediacorp.com\/tr\/milestone\/","title":{"rendered":"D\u00f6n\u00fcm Noktalar\u0131"},"content":{"rendered":"<p>Hi\u00e7bir yat\u0131r\u0131m deste\u011fi almadan, k\u00fc\u00e7\u00fck bir ofis ve s\u0131n\u0131rl\u0131 sermaye ile ticari hayat\u0131na ba\u015flayan Wediacorp, i\u015f ortaklar\u0131na sa\u011flad\u0131\u011f\u0131 destek ve g\u00fcven sayesinde hem ulusal hem de uluslararas\u0131 alanda tan\u0131nan prestijli bir \u015firket haline geldi. T\u00fcrkiye&#8217;de 35, Azerbaycan&#8217;da 15, Arnavutluk&#8217;ta 5 \u00e7al\u0131\u015fan\u0131 ve d\u00fcnya \u00e7ap\u0131ndaki temsilcileri ile 1000&#8217;in \u00fczerinde m\u00fc\u015fteriye hizmet vermektedir. Yenilik\u00e7i ve bilin\u00e7li i\u015f uygulamalar\u0131yla dijital sekt\u00f6re istikrarl\u0131 bir \u015fekilde \u00f6nc\u00fcl\u00fck etmekte ve sekt\u00f6re \u00f6rnek olmaktad\u0131r.<\/p>\n","protected":false},"excerpt":{"rendered":"<p>Hi\u00e7bir yat\u0131r\u0131m deste\u011fi almadan, k\u00fc\u00e7\u00fck bir ofis ve s\u0131n\u0131rl\u0131 sermaye ile ticari hayat\u0131na ba\u015flayan Wediacorp, i\u015f ortaklar\u0131na sa\u011flad\u0131\u011f\u0131 destek ve g\u00fcven sayesinde hem ulusal hem de uluslararas\u0131 alanda tan\u0131nan prestijli bir \u015firket haline geldi. T\u00fcrkiye&#8217;de 35, Azerbaycan&#8217;da 15, Arnavutluk&#8217;ta 5 \u00e7al\u0131\u015fan\u0131 ve d\u00fcnya \u00e7ap\u0131ndaki temsilcileri ile 1000&#8217;in \u00fczerinde m\u00fc\u015fteriye hizmet vermektedir. Yenilik\u00e7i ve bilin\u00e7li i\u015f [&hellip;]<\/p>\n","protected":false},"author":1,"featured_media":0,"parent":0,"menu_order":0,"comment_status":"closed","ping_status":"closed","template":"template-parts\/milestone.php","meta":{"footnotes":""},"class_list":["post-107","page","type-page","status-publish","hentry"],"acf":[],"yoast_head":"<!-- This site is optimized with the Yoast SEO plugin v27.4 - https:\/\/yoast.com\/product\/yoast-seo-wordpress\/ -->\n<title>D\u00f6n\u00fcm Noktalar\u0131 - WediaCorp TR<\/title>\n<meta name=\"robots\" content=\"index, follow, max-snippet:-1, max-image-preview:large, max-video-preview:-1\" \/>\n<link rel=\"canonical\" href=\"https:\/\/wediacorp.com\/tr\/milestone\/\" \/>\n<meta property=\"og:locale\" content=\"tr_TR\" \/>\n<meta property=\"og:type\" content=\"article\" \/>\n<meta property=\"og:title\" content=\"D\u00f6n\u00fcm Noktalar\u0131 - WediaCorp TR\" \/>\n<meta property=\"og:description\" content=\"Hi\u00e7bir yat\u0131r\u0131m deste\u011fi almadan, k\u00fc\u00e7\u00fck bir ofis ve s\u0131n\u0131rl\u0131 sermaye ile ticari hayat\u0131na ba\u015flayan Wediacorp, i\u015f ortaklar\u0131na sa\u011flad\u0131\u011f\u0131 destek ve g\u00fcven sayesinde hem ulusal hem de uluslararas\u0131 alanda tan\u0131nan prestijli bir \u015firket haline geldi. T\u00fcrkiye&#8217;de 35, Azerbaycan&#8217;da 15, Arnavutluk&#8217;ta 5 \u00e7al\u0131\u015fan\u0131 ve d\u00fcnya \u00e7ap\u0131ndaki temsilcileri ile 1000&#8217;in \u00fczerinde m\u00fc\u015fteriye hizmet vermektedir. Yenilik\u00e7i ve bilin\u00e7li i\u015f [&hellip;]\" \/>\n<meta property=\"og:url\" content=\"https:\/\/wediacorp.com\/tr\/milestone\/\" \/>\n<meta property=\"og:site_name\" content=\"WediaCorp TR\" \/>\n<meta property=\"article:modified_time\" content=\"2023-10-02T22:49:52+00:00\" \/>\n<meta name=\"twitter:card\" content=\"summary_large_image\" \/>\n<meta name=\"twitter:label1\" content=\"Tahmini okuma s\u00fcresi\" \/>\n\t<meta name=\"twitter:data1\" content=\"1 dakika\" \/>\n<script type=\"application\/ld+json\" class=\"yoast-schema-graph\">{\"@context\":\"https:\\\/\\\/schema.org\",\"@graph\":[{\"@type\":\"WebPage\",\"@id\":\"https:\\\/\\\/wediacorp.com\\\/tr\\\/milestone\\\/\",\"url\":\"https:\\\/\\\/wediacorp.com\\\/tr\\\/milestone\\\/\",\"name\":\"D\u00f6n\u00fcm Noktalar\u0131 - WediaCorp TR\",\"isPartOf\":{\"@id\":\"https:\\\/\\\/wediacorp.com\\\/tr\\\/#website\"},\"datePublished\":\"2023-06-22T01:41:35+00:00\",\"dateModified\":\"2023-10-02T22:49:52+00:00\",\"breadcrumb\":{\"@id\":\"https:\\\/\\\/wediacorp.com\\\/tr\\\/milestone\\\/#breadcrumb\"},\"inLanguage\":\"tr\",\"potentialAction\":[{\"@type\":\"ReadAction\",\"target\":[\"https:\\\/\\\/wediacorp.com\\\/tr\\\/milestone\\\/\"]}]},{\"@type\":\"BreadcrumbList\",\"@id\":\"https:\\\/\\\/wediacorp.com\\\/tr\\\/milestone\\\/#breadcrumb\",\"itemListElement\":[{\"@type\":\"ListItem\",\"position\":1,\"name\":\"Anasayfa\",\"item\":\"https:\\\/\\\/wediacorp.com\\\/tr\\\/\"},{\"@type\":\"ListItem\",\"position\":2,\"name\":\"D\u00f6n\u00fcm Noktalar\u0131\"}]},{\"@type\":\"WebSite\",\"@id\":\"https:\\\/\\\/wediacorp.com\\\/tr\\\/#website\",\"url\":\"https:\\\/\\\/wediacorp.com\\\/tr\\\/\",\"name\":\"WediaCorp TR\",\"description\":\"With our experienced team and the privilege of being the official business partner of Google, Youtube, Dailymotion, we ensure that you are ahead of your competitors.\",\"potentialAction\":[{\"@type\":\"SearchAction\",\"target\":{\"@type\":\"EntryPoint\",\"urlTemplate\":\"https:\\\/\\\/wediacorp.com\\\/tr\\\/?s={search_term_string}\"},\"query-input\":{\"@type\":\"PropertyValueSpecification\",\"valueRequired\":true,\"valueName\":\"search_term_string\"}}],\"inLanguage\":\"tr\"}]}<\/script>\n<!-- \/ Yoast SEO plugin. -->","yoast_head_json":{"title":"D\u00f6n\u00fcm Noktalar\u0131 - WediaCorp TR","robots":{"index":"index","follow":"follow","max-snippet":"max-snippet:-1","max-image-preview":"max-image-preview:large","max-video-preview":"max-video-preview:-1"},"canonical":"https:\/\/wediacorp.com\/tr\/milestone\/","og_locale":"tr_TR","og_type":"article","og_title":"D\u00f6n\u00fcm Noktalar\u0131 - WediaCorp TR","og_description":"Hi\u00e7bir yat\u0131r\u0131m deste\u011fi almadan, k\u00fc\u00e7\u00fck bir ofis ve s\u0131n\u0131rl\u0131 sermaye ile ticari hayat\u0131na ba\u015flayan Wediacorp, i\u015f ortaklar\u0131na sa\u011flad\u0131\u011f\u0131 destek ve g\u00fcven sayesinde hem ulusal hem de uluslararas\u0131 alanda tan\u0131nan prestijli bir \u015firket haline geldi. T\u00fcrkiye&#8217;de 35, Azerbaycan&#8217;da 15, Arnavutluk&#8217;ta 5 \u00e7al\u0131\u015fan\u0131 ve d\u00fcnya \u00e7ap\u0131ndaki temsilcileri ile 1000&#8217;in \u00fczerinde m\u00fc\u015fteriye hizmet vermektedir. Yenilik\u00e7i ve bilin\u00e7li i\u015f [&hellip;]","og_url":"https:\/\/wediacorp.com\/tr\/milestone\/","og_site_name":"WediaCorp TR","article_modified_time":"2023-10-02T22:49:52+00:00","twitter_card":"summary_large_image","twitter_misc":{"Tahmini okuma s\u00fcresi":"1 dakika"},"schema":{"@context":"https:\/\/schema.org","@graph":[{"@type":"WebPage","@id":"https:\/\/wediacorp.com\/tr\/milestone\/","url":"https:\/\/wediacorp.com\/tr\/milestone\/","name":"D\u00f6n\u00fcm Noktalar\u0131 - WediaCorp TR","isPartOf":{"@id":"https:\/\/wediacorp.com\/tr\/#website"},"datePublished":"2023-06-22T01:41:35+00:00","dateModified":"2023-10-02T22:49:52+00:00","breadcrumb":{"@id":"https:\/\/wediacorp.com\/tr\/milestone\/#breadcrumb"},"inLanguage":"tr","potentialAction":[{"@type":"ReadAction","target":["https:\/\/wediacorp.com\/tr\/milestone\/"]}]},{"@type":"BreadcrumbList","@id":"https:\/\/wediacorp.com\/tr\/milestone\/#breadcrumb","itemListElement":[{"@type":"ListItem","position":1,"name":"Anasayfa","item":"https:\/\/wediacorp.com\/tr\/"},{"@type":"ListItem","position":2,"name":"D\u00f6n\u00fcm Noktalar\u0131"}]},{"@type":"WebSite","@id":"https:\/\/wediacorp.com\/tr\/#website","url":"https:\/\/wediacorp.com\/tr\/","name":"WediaCorp TR","description":"With our experienced team and the privilege of being the official business partner of Google, Youtube, Dailymotion, we ensure that you are ahead of your competitors.","potentialAction":[{"@type":"SearchAction","target":{"@type":"EntryPoint","urlTemplate":"https:\/\/wediacorp.com\/tr\/?s={search_term_string}"},"query-input":{"@type":"PropertyValueSpecification","valueRequired":true,"valueName":"search_term_string"}}],"inLanguage":"tr"}]}},"_links":{"self":[{"href":"https:\/\/wediacorp.com\/tr\/wp-json\/wp\/v2\/pages\/107","targetHints":{"allow":["GET"]}}],"collection":[{"href":"https:\/\/wediacorp.com\/tr\/wp-json\/wp\/v2\/pages"}],"about":[{"href":"https:\/\/wediacorp.com\/tr\/wp-json\/wp\/v2\/types\/page"}],"author":[{"embeddable":true,"href":"https:\/\/wediacorp.com\/tr\/wp-json\/wp\/v2\/users\/1"}],"replies":[{"embeddable":true,"href":"https:\/\/wediacorp.com\/tr\/wp-json\/wp\/v2\/comments?post=107"}],"version-history":[{"count":0,"href":"https:\/\/wediacorp.com\/tr\/wp-json\/wp\/v2\/pages\/107\/revisions"}],"wp:attachment":[{"href":"https:\/\/wediacorp.com\/tr\/wp-json\/wp\/v2\/media?parent=107"}],"curies":[{"name":"wp","href":"https:\/\/api.w.org\/{rel}","templated":true}]}}