{"id":11,"date":"2023-06-19T13:31:26","date_gmt":"2023-06-19T10:31:26","guid":{"rendered":"https:\/\/wediacorp.com\/tr\/?page_id=11"},"modified":"2024-12-15T04:37:22","modified_gmt":"2024-12-15T01:37:22","slug":"corporate","status":"publish","type":"page","link":"https:\/\/wediacorp.com\/tr\/corporate\/","title":{"rendered":"Kurumsal"},"content":{"rendered":"<p>WediaCorp, T\u00fcrkiye&#8217;de faaliyet g\u00f6steren bir \u015firkettir ve YouTube servis sa\u011flay\u0131c\u0131lar\u0131 aras\u0131nda listelenen, i\u00e7erik sahiplerini dijital olarak ve YouTube&#8217;da temsil eden ilk T\u00fcrk \u00c7oklu Kanal A\u011f\u0131d\u0131r. \u015eirket 2014 y\u0131l\u0131nda kurulmu\u015ftur.<\/p>\n<p>Ba\u015flang\u0131\u00e7ta \u015firket YouTube, Google, Dailymotion, Facebook resmi orta\u011f\u0131yd\u0131. Ancak dijital d\u00f6n\u00fc\u015f\u00fcm ve yeni talepler nedeniyle, t\u00fcm sosyal medya platformlar\u0131 i\u00e7in 360 derece veri odakl\u0131 hizmetler sunan profesyonel bir dijital strateji ajans\u0131na d\u00f6n\u00fc\u015ft\u00fc.<\/p>\n<p>WediaCorp, YouTube kanal y\u00f6netimi, video lisanslama, dijital itibar y\u00f6netimi, sosyal medya y\u00f6netimi, reklam planlamas\u0131 ve i\u00e7erik g\u00fcvenli\u011fi gibi alanlarda \u00e7e\u015fitli hizmetler sunmaktad\u0131r. Her biri farkl\u0131 sekt\u00f6rlerde uzmanla\u015fm\u0131\u015f alt\u0131 i\u00e7erik y\u00f6netim sistemine sahip olan \u015firket, bu sayede farkl\u0131 sekt\u00f6rlerin ihtiya\u00e7lar\u0131na uygun profesyonel hizmetler sunabilmektedir.<\/p>\n<p>T\u00fcrkiye&#8217;nin ilk dijital m\u00fczik yap\u0131mc\u0131s\u0131 olan WediaCorp, t\u00fcm m\u00fczik i\u00e7eri\u011fini dijital platformlarda lisanslamakta ve WediaCorp Music etiketi alt\u0131nda alb\u00fcm ve single&#8217;lar yay\u0131nlayarak Spotify, YouTube Music, Fizy ve Deezer dahil olmak \u00fczere d\u00fcnya \u00e7ap\u0131nda \u00e7e\u015fitli dijital pazarlara da\u011f\u0131tmaktad\u0131r.<\/p>\n<p>T\u00fcrkiye d\u0131\u015f\u0131na da a\u00e7\u0131lan WediaCorp, 2016 y\u0131l\u0131nda Bak\u00fc&#8217;de bir ofis a\u00e7t\u0131 ve uluslararas\u0131 alanda b\u00fcy\u00fcmeye devam ediyor. Azerbaycan&#8217;da ARB TV, CBC Sports ve Xezer TV gibi devlet televizyon kanallar\u0131 ve pop\u00fcler yap\u0131mc\u0131 ve sanat\u00e7\u0131larla i\u015fbirli\u011fi yapmaktad\u0131r.<\/p>\n<p>\u015eirket 2019 y\u0131l\u0131nda holdingle\u015fti ve Arnavutluk, \u0130ran, Vietnam ve Hindistan&#8217;da temsilcilikler kurdu. Holding alt\u0131 farkl\u0131 \u015fube olarak yap\u0131land\u0131r\u0131lm\u0131\u015ft\u0131r: Wedia Digital, Wedia Music, Wedia Entertainment, Wedia Edu, Wedia Soft ve Wedia Production olmak \u00fczere alt\u0131 farkl\u0131 alanda hizmet vermektedir.<\/p>\n<p>WediaCorp, 2020 y\u0131l\u0131nda sinemalar\u0131n kapal\u0131 oldu\u011fu pandemi d\u00f6neminde, \u00fcnl\u00fc y\u00f6netmen M\u00fcfit Can Sa\u00e7\u0131nt\u0131&#8217;n\u0131n y\u00f6netti\u011fi &#8220;Maskeler de D\u00fc\u015fer&#8221; adl\u0131 ilk T\u00fcrk sinema filmini YouTube&#8217;a \u00f6zel olarak yay\u0131nlad\u0131. Film i\u00e7in YouTube&#8217;da canl\u0131 bir gala d\u00fczenleyen \u015firket, bu proje i\u00e7in YouTube CEO&#8217;sundan \u00f6zel te\u015fekk\u00fcr ald\u0131 ve filmi YouTube Giri\u015fim G\u00fcn\u00fc&#8217;nde d\u00fcnya \u00e7ap\u0131ndaki t\u00fcm YouTube ortaklar\u0131na sundu.<\/p>\n<p>2021 y\u0131l\u0131nda WediaCorp&#8217;un yan kurulu\u015fu Wedia Entertainment kuruldu ve binlerce film, dizi ve belgesel i\u00e7eri\u011fine ev sahipli\u011fi yapt\u0131. Cannes, Berlinale, Natpe gibi uluslararas\u0131 film festivallerine kat\u0131lan Wedia Entertainment, T\u00fcrkiye&#8217;deki b\u00fcy\u00fck film da\u011f\u0131t\u0131m \u015firketleriyle i\u015f birli\u011fi yaparak yurt i\u00e7inde ve yurt d\u0131\u015f\u0131nda film sat\u0131n alma, da\u011f\u0131t\u0131m ve pazarlama hizmetlerinde yer ald\u0131.<\/p>\n<p>Wedia Entertainment&#8217;\u0131n da\u011f\u0131t\u0131m\u0131n\u0131 yapt\u0131\u011f\u0131 filmlerden biri de Bruce Willis&#8217;in vizyona giren son filmi &#8220;Suikast\u00e7\u0131 Hayalet&#8221; oldu.<\/p>\n<p>WediaCorp, T\u00fcrk Silahl\u0131 Kuvvetleri, Milli Savunma Bakanl\u0131\u011f\u0131, T\u00fcrkiye Turizm Ajans\u0131, Burger King T\u00fcrkiye ve Rixos Otelleri gibi \u00e7e\u015fitli kurulu\u015flara i\u00e7erik g\u00fcvenli\u011fi ve lisanslama hizmetleri sa\u011flama konusunda uzmanla\u015fm\u0131\u015ft\u0131r. Kurumsal m\u00fc\u015fterilere hizmet vermenin yan\u0131 s\u0131ra, T\u00fcrkiye&#8217;deki ve d\u00fcnyadaki en aktif YouTuber&#8217;lardan baz\u0131lar\u0131yla \u00e7al\u0131\u015farak bireysel i\u00e7erik olu\u015fturucular\u0131 da desteklemektedir.<\/p>\n<p>WediaCorp, m\u00fc\u015fterilerine hizmet sunmak i\u00e7in tamamen kendi programc\u0131lar\u0131 ile \u00fc\u00e7 ayr\u0131 yaz\u0131l\u0131m \u00e7\u00f6z\u00fcm\u00fc geli\u015ftirmi\u015ftir:<\/p>\n<ol>\n<li>WediaSecurity: \u0130nternet \u00fczerindeki dijital i\u00e7eri\u011fi taray\u0131p tespit eden ve kald\u0131r\u0131lmas\u0131 i\u00e7in gerekli i\u015flemleri otomatik olarak uygulayan bir \u0130\u00e7erik Koruma yaz\u0131l\u0131m\u0131d\u0131r.<\/li>\n<li>Wedia SYNC: YouTube ve Dailymotion&#8217;daki videolar\u0131n meta verileriyle birlikte Facebook sayfalar\u0131na otomatik olarak entegre edilmesini sa\u011flar.<\/li>\n<li>Wediacorp Panel: WediaCorp i\u015f ortaklar\u0131n\u0131n YouTube analiz verilerini h\u0131zl\u0131 bir \u015fekilde g\u00f6r\u00fcnt\u00fclemeleri ve ayr\u0131nt\u0131l\u0131 gelir raporlar\u0131 olu\u015fturmalar\u0131 i\u00e7in haz\u0131rlanm\u0131\u015f \u00f6zel bir platform.<\/li>\n<\/ol>\n<p>Uzmanl\u0131klar\u0131n\u0131 dijital d\u00fcnyadaki bilgi birikimleriyle birle\u015ftiren WediaCorp, 40 milyon abone, 100 milyar dakika izleme s\u00fcresi ve 66 milyar g\u00f6r\u00fcnt\u00fcleme ile etkileyici bir kitleye sahiptir. Bu \u00f6nemli kitleyle, t\u00fcm sosyal medya platformlar\u0131nda etkili i\u00e7erik y\u00f6netimi ve marka dan\u0131\u015fmanl\u0131\u011f\u0131 konusunda \u00fcst\u00fcnl\u00fck sa\u011fl\u0131yor.<\/p>\n","protected":false},"excerpt":{"rendered":"<p>WediaCorp, T\u00fcrkiye&#8217;de faaliyet g\u00f6steren bir \u015firkettir ve YouTube servis sa\u011flay\u0131c\u0131lar\u0131 aras\u0131nda listelenen, i\u00e7erik sahiplerini dijital olarak ve YouTube&#8217;da temsil eden ilk T\u00fcrk \u00c7oklu Kanal A\u011f\u0131d\u0131r. \u015eirket 2014 y\u0131l\u0131nda kurulmu\u015ftur. Ba\u015flang\u0131\u00e7ta \u015firket YouTube, Google, Dailymotion, Facebook resmi orta\u011f\u0131yd\u0131. Ancak dijital d\u00f6n\u00fc\u015f\u00fcm ve yeni talepler nedeniyle, t\u00fcm sosyal medya platformlar\u0131 i\u00e7in 360 derece veri odakl\u0131 hizmetler sunan [&hellip;]<\/p>\n","protected":false},"author":1,"featured_media":0,"parent":0,"menu_order":0,"comment_status":"closed","ping_status":"closed","template":"template-parts\/corporate.php","meta":{"footnotes":""},"class_list":["post-11","page","type-page","status-publish","hentry"],"acf":[],"yoast_head":"<!-- This site is optimized with the Yoast SEO plugin v27.4 - https:\/\/yoast.com\/product\/yoast-seo-wordpress\/ -->\n<title>Kurumsal - WediaCorp TR<\/title>\n<meta name=\"robots\" content=\"index, follow, max-snippet:-1, max-image-preview:large, max-video-preview:-1\" \/>\n<link rel=\"canonical\" href=\"https:\/\/wediacorp.com\/tr\/corporate\/\" \/>\n<meta property=\"og:locale\" content=\"tr_TR\" \/>\n<meta property=\"og:type\" content=\"article\" \/>\n<meta property=\"og:title\" content=\"Kurumsal - WediaCorp TR\" \/>\n<meta property=\"og:description\" content=\"WediaCorp, T\u00fcrkiye&#8217;de faaliyet g\u00f6steren bir \u015firkettir ve YouTube servis sa\u011flay\u0131c\u0131lar\u0131 aras\u0131nda listelenen, i\u00e7erik sahiplerini dijital olarak ve YouTube&#8217;da temsil eden ilk T\u00fcrk \u00c7oklu Kanal A\u011f\u0131d\u0131r. \u015eirket 2014 y\u0131l\u0131nda kurulmu\u015ftur. Ba\u015flang\u0131\u00e7ta \u015firket YouTube, Google, Dailymotion, Facebook resmi orta\u011f\u0131yd\u0131. Ancak dijital d\u00f6n\u00fc\u015f\u00fcm ve yeni talepler nedeniyle, t\u00fcm sosyal medya platformlar\u0131 i\u00e7in 360 derece veri odakl\u0131 hizmetler sunan [&hellip;]\" \/>\n<meta property=\"og:url\" content=\"https:\/\/wediacorp.com\/tr\/corporate\/\" \/>\n<meta property=\"og:site_name\" content=\"WediaCorp TR\" \/>\n<meta property=\"article:modified_time\" content=\"2024-12-15T01:37:22+00:00\" \/>\n<meta name=\"twitter:card\" content=\"summary_large_image\" \/>\n<meta name=\"twitter:label1\" content=\"Tahmini okuma s\u00fcresi\" \/>\n\t<meta name=\"twitter:data1\" content=\"3 dakika\" \/>\n<script type=\"application\/ld+json\" class=\"yoast-schema-graph\">{\"@context\":\"https:\\\/\\\/schema.org\",\"@graph\":[{\"@type\":\"WebPage\",\"@id\":\"https:\\\/\\\/wediacorp.com\\\/tr\\\/corporate\\\/\",\"url\":\"https:\\\/\\\/wediacorp.com\\\/tr\\\/corporate\\\/\",\"name\":\"Kurumsal - WediaCorp TR\",\"isPartOf\":{\"@id\":\"https:\\\/\\\/wediacorp.com\\\/tr\\\/#website\"},\"datePublished\":\"2023-06-19T10:31:26+00:00\",\"dateModified\":\"2024-12-15T01:37:22+00:00\",\"breadcrumb\":{\"@id\":\"https:\\\/\\\/wediacorp.com\\\/tr\\\/corporate\\\/#breadcrumb\"},\"inLanguage\":\"tr\",\"potentialAction\":[{\"@type\":\"ReadAction\",\"target\":[\"https:\\\/\\\/wediacorp.com\\\/tr\\\/corporate\\\/\"]}]},{\"@type\":\"BreadcrumbList\",\"@id\":\"https:\\\/\\\/wediacorp.com\\\/tr\\\/corporate\\\/#breadcrumb\",\"itemListElement\":[{\"@type\":\"ListItem\",\"position\":1,\"name\":\"Anasayfa\",\"item\":\"https:\\\/\\\/wediacorp.com\\\/tr\\\/\"},{\"@type\":\"ListItem\",\"position\":2,\"name\":\"Kurumsal\"}]},{\"@type\":\"WebSite\",\"@id\":\"https:\\\/\\\/wediacorp.com\\\/tr\\\/#website\",\"url\":\"https:\\\/\\\/wediacorp.com\\\/tr\\\/\",\"name\":\"WediaCorp TR\",\"description\":\"With our experienced team and the privilege of being the official business partner of Google, Youtube, Dailymotion, we ensure that you are ahead of your competitors.\",\"potentialAction\":[{\"@type\":\"SearchAction\",\"target\":{\"@type\":\"EntryPoint\",\"urlTemplate\":\"https:\\\/\\\/wediacorp.com\\\/tr\\\/?s={search_term_string}\"},\"query-input\":{\"@type\":\"PropertyValueSpecification\",\"valueRequired\":true,\"valueName\":\"search_term_string\"}}],\"inLanguage\":\"tr\"}]}<\/script>\n<!-- \/ Yoast SEO plugin. -->","yoast_head_json":{"title":"Kurumsal - WediaCorp TR","robots":{"index":"index","follow":"follow","max-snippet":"max-snippet:-1","max-image-preview":"max-image-preview:large","max-video-preview":"max-video-preview:-1"},"canonical":"https:\/\/wediacorp.com\/tr\/corporate\/","og_locale":"tr_TR","og_type":"article","og_title":"Kurumsal - WediaCorp TR","og_description":"WediaCorp, T\u00fcrkiye&#8217;de faaliyet g\u00f6steren bir \u015firkettir ve YouTube servis sa\u011flay\u0131c\u0131lar\u0131 aras\u0131nda listelenen, i\u00e7erik sahiplerini dijital olarak ve YouTube&#8217;da temsil eden ilk T\u00fcrk \u00c7oklu Kanal A\u011f\u0131d\u0131r. \u015eirket 2014 y\u0131l\u0131nda kurulmu\u015ftur. Ba\u015flang\u0131\u00e7ta \u015firket YouTube, Google, Dailymotion, Facebook resmi orta\u011f\u0131yd\u0131. Ancak dijital d\u00f6n\u00fc\u015f\u00fcm ve yeni talepler nedeniyle, t\u00fcm sosyal medya platformlar\u0131 i\u00e7in 360 derece veri odakl\u0131 hizmetler sunan [&hellip;]","og_url":"https:\/\/wediacorp.com\/tr\/corporate\/","og_site_name":"WediaCorp TR","article_modified_time":"2024-12-15T01:37:22+00:00","twitter_card":"summary_large_image","twitter_misc":{"Tahmini okuma s\u00fcresi":"3 dakika"},"schema":{"@context":"https:\/\/schema.org","@graph":[{"@type":"WebPage","@id":"https:\/\/wediacorp.com\/tr\/corporate\/","url":"https:\/\/wediacorp.com\/tr\/corporate\/","name":"Kurumsal - WediaCorp TR","isPartOf":{"@id":"https:\/\/wediacorp.com\/tr\/#website"},"datePublished":"2023-06-19T10:31:26+00:00","dateModified":"2024-12-15T01:37:22+00:00","breadcrumb":{"@id":"https:\/\/wediacorp.com\/tr\/corporate\/#breadcrumb"},"inLanguage":"tr","potentialAction":[{"@type":"ReadAction","target":["https:\/\/wediacorp.com\/tr\/corporate\/"]}]},{"@type":"BreadcrumbList","@id":"https:\/\/wediacorp.com\/tr\/corporate\/#breadcrumb","itemListElement":[{"@type":"ListItem","position":1,"name":"Anasayfa","item":"https:\/\/wediacorp.com\/tr\/"},{"@type":"ListItem","position":2,"name":"Kurumsal"}]},{"@type":"WebSite","@id":"https:\/\/wediacorp.com\/tr\/#website","url":"https:\/\/wediacorp.com\/tr\/","name":"WediaCorp TR","description":"With our experienced team and the privilege of being the official business partner of Google, Youtube, Dailymotion, we ensure that you are ahead of your competitors.","potentialAction":[{"@type":"SearchAction","target":{"@type":"EntryPoint","urlTemplate":"https:\/\/wediacorp.com\/tr\/?s={search_term_string}"},"query-input":{"@type":"PropertyValueSpecification","valueRequired":true,"valueName":"search_term_string"}}],"inLanguage":"tr"}]}},"_links":{"self":[{"href":"https:\/\/wediacorp.com\/tr\/wp-json\/wp\/v2\/pages\/11","targetHints":{"allow":["GET"]}}],"collection":[{"href":"https:\/\/wediacorp.com\/tr\/wp-json\/wp\/v2\/pages"}],"about":[{"href":"https:\/\/wediacorp.com\/tr\/wp-json\/wp\/v2\/types\/page"}],"author":[{"embeddable":true,"href":"https:\/\/wediacorp.com\/tr\/wp-json\/wp\/v2\/users\/1"}],"replies":[{"embeddable":true,"href":"https:\/\/wediacorp.com\/tr\/wp-json\/wp\/v2\/comments?post=11"}],"version-history":[{"count":1,"href":"https:\/\/wediacorp.com\/tr\/wp-json\/wp\/v2\/pages\/11\/revisions"}],"predecessor-version":[{"id":20635,"href":"https:\/\/wediacorp.com\/tr\/wp-json\/wp\/v2\/pages\/11\/revisions\/20635"}],"wp:attachment":[{"href":"https:\/\/wediacorp.com\/tr\/wp-json\/wp\/v2\/media?parent=11"}],"curies":[{"name":"wp","href":"https:\/\/api.w.org\/{rel}","templated":true}]}}