{"id":118,"date":"2023-06-22T04:52:35","date_gmt":"2023-06-22T01:52:35","guid":{"rendered":"https:\/\/wediacorp.com\/tr\/?page_id=118"},"modified":"2023-10-03T01:55:15","modified_gmt":"2023-10-02T22:55:15","slug":"services","status":"publish","type":"page","link":"https:\/\/wediacorp.com\/tr\/services\/","title":{"rendered":"Hizmetler"},"content":{"rendered":"","protected":false},"excerpt":{"rendered":"","protected":false},"author":1,"featured_media":0,"parent":0,"menu_order":0,"comment_status":"closed","ping_status":"closed","template":"template-parts\/services.php","meta":{"footnotes":""},"class_list":["post-118","page","type-page","status-publish","hentry"],"acf":[],"yoast_head":"<!-- This site is optimized with the Yoast SEO plugin v27.4 - https:\/\/yoast.com\/product\/yoast-seo-wordpress\/ -->\n<title>Hizmetler - WediaCorp TR<\/title>\n<meta name=\"description\" content=\"SEO Hizmeti, \u0130\u00e7erik Lisanslama, Teknik Destek &amp; Dan\u0131\u015fmanl\u0131k, Kanal Y\u00f6netimi, Optimizasyon, \u0130tibar Y\u00f6netimi, Marka Y\u00f6netimi, Pazar &amp; \u0130\u00e7erik Analizi.\" \/>\n<meta name=\"robots\" content=\"index, follow, max-snippet:-1, max-image-preview:large, max-video-preview:-1\" \/>\n<link rel=\"canonical\" href=\"https:\/\/wediacorp.com\/tr\/services\/\" \/>\n<meta property=\"og:locale\" content=\"tr_TR\" \/>\n<meta property=\"og:type\" content=\"article\" \/>\n<meta property=\"og:title\" content=\"Hizmetler - WediaCorp TR\" \/>\n<meta property=\"og:description\" content=\"SEO Hizmeti, \u0130\u00e7erik Lisanslama, Teknik Destek &amp; Dan\u0131\u015fmanl\u0131k, Kanal Y\u00f6netimi, Optimizasyon, \u0130tibar Y\u00f6netimi, Marka Y\u00f6netimi, Pazar &amp; \u0130\u00e7erik Analizi.\" \/>\n<meta property=\"og:url\" content=\"https:\/\/wediacorp.com\/tr\/services\/\" \/>\n<meta property=\"og:site_name\" content=\"WediaCorp TR\" \/>\n<meta property=\"article:modified_time\" content=\"2023-10-02T22:55:15+00:00\" \/>\n<meta name=\"twitter:card\" content=\"summary_large_image\" \/>\n<script type=\"application\/ld+json\" class=\"yoast-schema-graph\">{\"@context\":\"https:\\\/\\\/schema.org\",\"@graph\":[{\"@type\":\"WebPage\",\"@id\":\"https:\\\/\\\/wediacorp.com\\\/tr\\\/services\\\/\",\"url\":\"https:\\\/\\\/wediacorp.com\\\/tr\\\/services\\\/\",\"name\":\"Hizmetler - WediaCorp TR\",\"isPartOf\":{\"@id\":\"https:\\\/\\\/wediacorp.com\\\/tr\\\/#website\"},\"datePublished\":\"2023-06-22T01:52:35+00:00\",\"dateModified\":\"2023-10-02T22:55:15+00:00\",\"description\":\"SEO Hizmeti, \u0130\u00e7erik Lisanslama, Teknik Destek & Dan\u0131\u015fmanl\u0131k, Kanal Y\u00f6netimi, Optimizasyon, \u0130tibar Y\u00f6netimi, Marka Y\u00f6netimi, Pazar & \u0130\u00e7erik Analizi.\",\"breadcrumb\":{\"@id\":\"https:\\\/\\\/wediacorp.com\\\/tr\\\/services\\\/#breadcrumb\"},\"inLanguage\":\"tr\",\"potentialAction\":[{\"@type\":\"ReadAction\",\"target\":[\"https:\\\/\\\/wediacorp.com\\\/tr\\\/services\\\/\"]}]},{\"@type\":\"BreadcrumbList\",\"@id\":\"https:\\\/\\\/wediacorp.com\\\/tr\\\/services\\\/#breadcrumb\",\"itemListElement\":[{\"@type\":\"ListItem\",\"position\":1,\"name\":\"Anasayfa\",\"item\":\"https:\\\/\\\/wediacorp.com\\\/tr\\\/\"},{\"@type\":\"ListItem\",\"position\":2,\"name\":\"Hizmetler\"}]},{\"@type\":\"WebSite\",\"@id\":\"https:\\\/\\\/wediacorp.com\\\/tr\\\/#website\",\"url\":\"https:\\\/\\\/wediacorp.com\\\/tr\\\/\",\"name\":\"WediaCorp TR\",\"description\":\"With our experienced team and the privilege of being the official business partner of Google, Youtube, Dailymotion, we ensure that you are ahead of your competitors.\",\"potentialAction\":[{\"@type\":\"SearchAction\",\"target\":{\"@type\":\"EntryPoint\",\"urlTemplate\":\"https:\\\/\\\/wediacorp.com\\\/tr\\\/?s={search_term_string}\"},\"query-input\":{\"@type\":\"PropertyValueSpecification\",\"valueRequired\":true,\"valueName\":\"search_term_string\"}}],\"inLanguage\":\"tr\"}]}<\/script>\n<!-- \/ Yoast SEO plugin. -->","yoast_head_json":{"title":"Hizmetler - WediaCorp TR","description":"SEO Hizmeti, \u0130\u00e7erik Lisanslama, Teknik Destek & Dan\u0131\u015fmanl\u0131k, Kanal Y\u00f6netimi, Optimizasyon, \u0130tibar Y\u00f6netimi, Marka Y\u00f6netimi, Pazar & \u0130\u00e7erik Analizi.","robots":{"index":"index","follow":"follow","max-snippet":"max-snippet:-1","max-image-preview":"max-image-preview:large","max-video-preview":"max-video-preview:-1"},"canonical":"https:\/\/wediacorp.com\/tr\/services\/","og_locale":"tr_TR","og_type":"article","og_title":"Hizmetler - WediaCorp TR","og_description":"SEO Hizmeti, \u0130\u00e7erik Lisanslama, Teknik Destek & Dan\u0131\u015fmanl\u0131k, Kanal Y\u00f6netimi, Optimizasyon, \u0130tibar Y\u00f6netimi, Marka Y\u00f6netimi, Pazar & \u0130\u00e7erik Analizi.","og_url":"https:\/\/wediacorp.com\/tr\/services\/","og_site_name":"WediaCorp TR","article_modified_time":"2023-10-02T22:55:15+00:00","twitter_card":"summary_large_image","schema":{"@context":"https:\/\/schema.org","@graph":[{"@type":"WebPage","@id":"https:\/\/wediacorp.com\/tr\/services\/","url":"https:\/\/wediacorp.com\/tr\/services\/","name":"Hizmetler - WediaCorp TR","isPartOf":{"@id":"https:\/\/wediacorp.com\/tr\/#website"},"datePublished":"2023-06-22T01:52:35+00:00","dateModified":"2023-10-02T22:55:15+00:00","description":"SEO Hizmeti, \u0130\u00e7erik Lisanslama, Teknik Destek & Dan\u0131\u015fmanl\u0131k, Kanal Y\u00f6netimi, Optimizasyon, \u0130tibar Y\u00f6netimi, Marka Y\u00f6netimi, Pazar & \u0130\u00e7erik Analizi.","breadcrumb":{"@id":"https:\/\/wediacorp.com\/tr\/services\/#breadcrumb"},"inLanguage":"tr","potentialAction":[{"@type":"ReadAction","target":["https:\/\/wediacorp.com\/tr\/services\/"]}]},{"@type":"BreadcrumbList","@id":"https:\/\/wediacorp.com\/tr\/services\/#breadcrumb","itemListElement":[{"@type":"ListItem","position":1,"name":"Anasayfa","item":"https:\/\/wediacorp.com\/tr\/"},{"@type":"ListItem","position":2,"name":"Hizmetler"}]},{"@type":"WebSite","@id":"https:\/\/wediacorp.com\/tr\/#website","url":"https:\/\/wediacorp.com\/tr\/","name":"WediaCorp TR","description":"With our experienced team and the privilege of being the official business partner of Google, Youtube, Dailymotion, we ensure that you are ahead of your competitors.","potentialAction":[{"@type":"SearchAction","target":{"@type":"EntryPoint","urlTemplate":"https:\/\/wediacorp.com\/tr\/?s={search_term_string}"},"query-input":{"@type":"PropertyValueSpecification","valueRequired":true,"valueName":"search_term_string"}}],"inLanguage":"tr"}]}},"_links":{"self":[{"href":"https:\/\/wediacorp.com\/tr\/wp-json\/wp\/v2\/pages\/118","targetHints":{"allow":["GET"]}}],"collection":[{"href":"https:\/\/wediacorp.com\/tr\/wp-json\/wp\/v2\/pages"}],"about":[{"href":"https:\/\/wediacorp.com\/tr\/wp-json\/wp\/v2\/types\/page"}],"author":[{"embeddable":true,"href":"https:\/\/wediacorp.com\/tr\/wp-json\/wp\/v2\/users\/1"}],"replies":[{"embeddable":true,"href":"https:\/\/wediacorp.com\/tr\/wp-json\/wp\/v2\/comments?post=118"}],"version-history":[{"count":0,"href":"https:\/\/wediacorp.com\/tr\/wp-json\/wp\/v2\/pages\/118\/revisions"}],"wp:attachment":[{"href":"https:\/\/wediacorp.com\/tr\/wp-json\/wp\/v2\/media?parent=118"}],"curies":[{"name":"wp","href":"https:\/\/api.w.org\/{rel}","templated":true}]}}