{"id":143,"date":"2023-06-23T01:16:59","date_gmt":"2023-06-22T22:16:59","guid":{"rendered":"https:\/\/wediacorp.com\/tr\/?page_id=143"},"modified":"2023-10-12T10:49:23","modified_gmt":"2023-10-12T07:49:23","slug":"home","status":"publish","type":"page","link":"https:\/\/wediacorp.com\/tr\/","title":{"rendered":"Ana Sayfa"},"content":{"rendered":"","protected":false},"excerpt":{"rendered":"","protected":false},"author":1,"featured_media":0,"parent":0,"menu_order":0,"comment_status":"closed","ping_status":"closed","template":"template-parts\/home.php","meta":{"footnotes":""},"class_list":["post-143","page","type-page","status-publish","hentry"],"acf":[],"yoast_head":"<!-- This site is optimized with the Yoast SEO plugin v27.4 - https:\/\/yoast.com\/product\/yoast-seo-wordpress\/ -->\n<title>WediaCorp TR - Youtube - Dailymotion - Meta Resmi Partner<\/title>\n<meta name=\"description\" content=\"Deneyimli ekibimiz ve Google, Youtube, Dailymotion resmi i\u015f orta\u011f\u0131 olman\u0131n ayr\u0131cal\u0131\u011f\u0131 ile rakiplerinizin \u00f6n\u00fcnde olman\u0131z\u0131 sa\u011fl\u0131yoruz.\" \/>\n<meta name=\"robots\" content=\"index, follow, max-snippet:-1, max-image-preview:large, max-video-preview:-1\" \/>\n<link rel=\"canonical\" href=\"https:\/\/wediacorp.com\/tr\/\" \/>\n<meta property=\"og:locale\" content=\"tr_TR\" \/>\n<meta property=\"og:type\" content=\"article\" \/>\n<meta property=\"og:title\" content=\"WediaCorp TR - Youtube - Dailymotion - Meta Resmi Partner\" \/>\n<meta property=\"og:description\" content=\"Deneyimli ekibimiz ve Google, Youtube, Dailymotion resmi i\u015f orta\u011f\u0131 olman\u0131n ayr\u0131cal\u0131\u011f\u0131 ile rakiplerinizin \u00f6n\u00fcnde olman\u0131z\u0131 sa\u011fl\u0131yoruz.\" \/>\n<meta property=\"og:url\" content=\"https:\/\/wediacorp.com\/tr\/\" \/>\n<meta property=\"og:site_name\" content=\"WediaCorp TR\" \/>\n<meta property=\"article:modified_time\" content=\"2023-10-12T07:49:23+00:00\" \/>\n<meta name=\"twitter:card\" content=\"summary_large_image\" \/>\n<script type=\"application\/ld+json\" class=\"yoast-schema-graph\">{\"@context\":\"https:\\\/\\\/schema.org\",\"@graph\":[{\"@type\":\"WebPage\",\"@id\":\"https:\\\/\\\/wediacorp.com\\\/tr\\\/\",\"url\":\"https:\\\/\\\/wediacorp.com\\\/tr\\\/\",\"name\":\"WediaCorp TR - Youtube - Dailymotion - Meta Resmi Partner\",\"isPartOf\":{\"@id\":\"https:\\\/\\\/wediacorp.com\\\/tr\\\/#website\"},\"datePublished\":\"2023-06-22T22:16:59+00:00\",\"dateModified\":\"2023-10-12T07:49:23+00:00\",\"description\":\"Deneyimli ekibimiz ve Google, Youtube, Dailymotion resmi i\u015f orta\u011f\u0131 olman\u0131n ayr\u0131cal\u0131\u011f\u0131 ile rakiplerinizin \u00f6n\u00fcnde olman\u0131z\u0131 sa\u011fl\u0131yoruz.\",\"breadcrumb\":{\"@id\":\"https:\\\/\\\/wediacorp.com\\\/tr\\\/#breadcrumb\"},\"inLanguage\":\"tr\",\"potentialAction\":[{\"@type\":\"ReadAction\",\"target\":[\"https:\\\/\\\/wediacorp.com\\\/tr\\\/\"]}]},{\"@type\":\"BreadcrumbList\",\"@id\":\"https:\\\/\\\/wediacorp.com\\\/tr\\\/#breadcrumb\",\"itemListElement\":[{\"@type\":\"ListItem\",\"position\":1,\"name\":\"Anasayfa\",\"item\":\"https:\\\/\\\/wediacorp.com\\\/tr\\\/\"},{\"@type\":\"ListItem\",\"position\":2,\"name\":\"Ana Sayfa\"}]},{\"@type\":\"WebSite\",\"@id\":\"https:\\\/\\\/wediacorp.com\\\/tr\\\/#website\",\"url\":\"https:\\\/\\\/wediacorp.com\\\/tr\\\/\",\"name\":\"WediaCorp TR\",\"description\":\"With our experienced team and the privilege of being the official business partner of Google, Youtube, Dailymotion, we ensure that you are ahead of your competitors.\",\"potentialAction\":[{\"@type\":\"SearchAction\",\"target\":{\"@type\":\"EntryPoint\",\"urlTemplate\":\"https:\\\/\\\/wediacorp.com\\\/tr\\\/?s={search_term_string}\"},\"query-input\":{\"@type\":\"PropertyValueSpecification\",\"valueRequired\":true,\"valueName\":\"search_term_string\"}}],\"inLanguage\":\"tr\"}]}<\/script>\n<!-- \/ Yoast SEO plugin. -->","yoast_head_json":{"title":"WediaCorp TR - Youtube - Dailymotion - Meta Resmi Partner","description":"Deneyimli ekibimiz ve Google, Youtube, Dailymotion resmi i\u015f orta\u011f\u0131 olman\u0131n ayr\u0131cal\u0131\u011f\u0131 ile rakiplerinizin \u00f6n\u00fcnde olman\u0131z\u0131 sa\u011fl\u0131yoruz.","robots":{"index":"index","follow":"follow","max-snippet":"max-snippet:-1","max-image-preview":"max-image-preview:large","max-video-preview":"max-video-preview:-1"},"canonical":"https:\/\/wediacorp.com\/tr\/","og_locale":"tr_TR","og_type":"article","og_title":"WediaCorp TR - Youtube - Dailymotion - Meta Resmi Partner","og_description":"Deneyimli ekibimiz ve Google, Youtube, Dailymotion resmi i\u015f orta\u011f\u0131 olman\u0131n ayr\u0131cal\u0131\u011f\u0131 ile rakiplerinizin \u00f6n\u00fcnde olman\u0131z\u0131 sa\u011fl\u0131yoruz.","og_url":"https:\/\/wediacorp.com\/tr\/","og_site_name":"WediaCorp TR","article_modified_time":"2023-10-12T07:49:23+00:00","twitter_card":"summary_large_image","schema":{"@context":"https:\/\/schema.org","@graph":[{"@type":"WebPage","@id":"https:\/\/wediacorp.com\/tr\/","url":"https:\/\/wediacorp.com\/tr\/","name":"WediaCorp TR - Youtube - Dailymotion - Meta Resmi Partner","isPartOf":{"@id":"https:\/\/wediacorp.com\/tr\/#website"},"datePublished":"2023-06-22T22:16:59+00:00","dateModified":"2023-10-12T07:49:23+00:00","description":"Deneyimli ekibimiz ve Google, Youtube, Dailymotion resmi i\u015f orta\u011f\u0131 olman\u0131n ayr\u0131cal\u0131\u011f\u0131 ile rakiplerinizin \u00f6n\u00fcnde olman\u0131z\u0131 sa\u011fl\u0131yoruz.","breadcrumb":{"@id":"https:\/\/wediacorp.com\/tr\/#breadcrumb"},"inLanguage":"tr","potentialAction":[{"@type":"ReadAction","target":["https:\/\/wediacorp.com\/tr\/"]}]},{"@type":"BreadcrumbList","@id":"https:\/\/wediacorp.com\/tr\/#breadcrumb","itemListElement":[{"@type":"ListItem","position":1,"name":"Anasayfa","item":"https:\/\/wediacorp.com\/tr\/"},{"@type":"ListItem","position":2,"name":"Ana Sayfa"}]},{"@type":"WebSite","@id":"https:\/\/wediacorp.com\/tr\/#website","url":"https:\/\/wediacorp.com\/tr\/","name":"WediaCorp TR","description":"With our experienced team and the privilege of being the official business partner of Google, Youtube, Dailymotion, we ensure that you are ahead of your competitors.","potentialAction":[{"@type":"SearchAction","target":{"@type":"EntryPoint","urlTemplate":"https:\/\/wediacorp.com\/tr\/?s={search_term_string}"},"query-input":{"@type":"PropertyValueSpecification","valueRequired":true,"valueName":"search_term_string"}}],"inLanguage":"tr"}]}},"_links":{"self":[{"href":"https:\/\/wediacorp.com\/tr\/wp-json\/wp\/v2\/pages\/143","targetHints":{"allow":["GET"]}}],"collection":[{"href":"https:\/\/wediacorp.com\/tr\/wp-json\/wp\/v2\/pages"}],"about":[{"href":"https:\/\/wediacorp.com\/tr\/wp-json\/wp\/v2\/types\/page"}],"author":[{"embeddable":true,"href":"https:\/\/wediacorp.com\/tr\/wp-json\/wp\/v2\/users\/1"}],"replies":[{"embeddable":true,"href":"https:\/\/wediacorp.com\/tr\/wp-json\/wp\/v2\/comments?post=143"}],"version-history":[{"count":0,"href":"https:\/\/wediacorp.com\/tr\/wp-json\/wp\/v2\/pages\/143\/revisions"}],"wp:attachment":[{"href":"https:\/\/wediacorp.com\/tr\/wp-json\/wp\/v2\/media?parent=143"}],"curies":[{"name":"wp","href":"https:\/\/api.w.org\/{rel}","templated":true}]}}