{"id":173,"date":"2023-06-23T02:50:54","date_gmt":"2023-06-22T23:50:54","guid":{"rendered":"https:\/\/wediacorp.com\/tr\/?page_id=173"},"modified":"2023-10-03T01:22:20","modified_gmt":"2023-10-02T22:22:20","slug":"careers","status":"publish","type":"page","link":"https:\/\/wediacorp.com\/tr\/careers\/","title":{"rendered":"Kariyer"},"content":{"rendered":"<br \/>\n<h2 class=\"wedia-career-title\">Teknolojinin \u0130zinde Kariyer F\u0131rsat\u0131!<\/h2>\n<p class=\"first-desc\">\u0130novasyon odakl\u0131 yenilik\u00e7i fikirlerin te\u015fvik edildi\u011fi bir \u00e7al\u0131\u015fma k\u00fclt\u00fcr\u00fcnde, d\u00fcnya \u00e7ap\u0131nda bir m\u00fc\u015fteri portf\u00f6y\u00fcne hizmet etme f\u0131rsat\u0131 ile k\u00fcresel i\u015f olanaklar\u0131 sa\u011fl\u0131yoruz. <\/p>\n<p>Teknoloji ve dijital ile i\u00e7 i\u00e7e h\u0131zla b\u00fcy\u00fcyen bu sekt\u00f6rde farkl\u0131 alanlarda uzmanla\u015fma f\u0131rsat\u0131 ile kariyerinizde sa\u011flam ad\u0131mlar atmaya ve ekibimizin bir par\u00e7as\u0131 olmaya haz\u0131r m\u0131s\u0131n\u0131z?<\/p>\n<p class=\"career-goal\">Mutlu bir \u00e7al\u0131\u015fma hayat\u0131, do\u011fru kariyer hedefleri ve idealleri ile m\u00fcmk\u00fcnd\u00fcr<\/p>\n<p>.<\/p>\n","protected":false},"excerpt":{"rendered":"<p>Teknolojinin \u0130zinde Kariyer F\u0131rsat\u0131! \u0130novasyon odakl\u0131 yenilik\u00e7i fikirlerin te\u015fvik edildi\u011fi bir \u00e7al\u0131\u015fma k\u00fclt\u00fcr\u00fcnde, d\u00fcnya \u00e7ap\u0131nda bir m\u00fc\u015fteri portf\u00f6y\u00fcne hizmet etme f\u0131rsat\u0131 ile k\u00fcresel i\u015f olanaklar\u0131 sa\u011fl\u0131yoruz. Teknoloji ve dijital ile i\u00e7 i\u00e7e h\u0131zla b\u00fcy\u00fcyen bu sekt\u00f6rde farkl\u0131 alanlarda uzmanla\u015fma f\u0131rsat\u0131 ile kariyerinizde sa\u011flam ad\u0131mlar atmaya ve ekibimizin bir par\u00e7as\u0131 olmaya haz\u0131r m\u0131s\u0131n\u0131z? Mutlu bir \u00e7al\u0131\u015fma [&hellip;]<\/p>\n","protected":false},"author":1,"featured_media":0,"parent":0,"menu_order":0,"comment_status":"closed","ping_status":"closed","template":"template-parts\/careers.php","meta":{"footnotes":""},"class_list":["post-173","page","type-page","status-publish","hentry"],"acf":[],"yoast_head":"<!-- This site is optimized with the Yoast SEO plugin v27.4 - https:\/\/yoast.com\/product\/yoast-seo-wordpress\/ -->\n<title>Kariyer - WediaCorp TR<\/title>\n<meta name=\"robots\" content=\"index, follow, max-snippet:-1, max-image-preview:large, max-video-preview:-1\" \/>\n<link rel=\"canonical\" href=\"https:\/\/wediacorp.com\/tr\/careers\/\" \/>\n<meta property=\"og:locale\" content=\"tr_TR\" \/>\n<meta property=\"og:type\" content=\"article\" \/>\n<meta property=\"og:title\" content=\"Kariyer - WediaCorp TR\" \/>\n<meta property=\"og:description\" content=\"Teknolojinin \u0130zinde Kariyer F\u0131rsat\u0131! \u0130novasyon odakl\u0131 yenilik\u00e7i fikirlerin te\u015fvik edildi\u011fi bir \u00e7al\u0131\u015fma k\u00fclt\u00fcr\u00fcnde, d\u00fcnya \u00e7ap\u0131nda bir m\u00fc\u015fteri portf\u00f6y\u00fcne hizmet etme f\u0131rsat\u0131 ile k\u00fcresel i\u015f olanaklar\u0131 sa\u011fl\u0131yoruz. Teknoloji ve dijital ile i\u00e7 i\u00e7e h\u0131zla b\u00fcy\u00fcyen bu sekt\u00f6rde farkl\u0131 alanlarda uzmanla\u015fma f\u0131rsat\u0131 ile kariyerinizde sa\u011flam ad\u0131mlar atmaya ve ekibimizin bir par\u00e7as\u0131 olmaya haz\u0131r m\u0131s\u0131n\u0131z? Mutlu bir \u00e7al\u0131\u015fma [&hellip;]\" \/>\n<meta property=\"og:url\" content=\"https:\/\/wediacorp.com\/tr\/careers\/\" \/>\n<meta property=\"og:site_name\" content=\"WediaCorp TR\" \/>\n<meta property=\"article:modified_time\" content=\"2023-10-02T22:22:20+00:00\" \/>\n<meta name=\"twitter:card\" content=\"summary_large_image\" \/>\n<meta name=\"twitter:label1\" content=\"Tahmini okuma s\u00fcresi\" \/>\n\t<meta name=\"twitter:data1\" content=\"1 dakika\" \/>\n<script type=\"application\/ld+json\" class=\"yoast-schema-graph\">{\"@context\":\"https:\\\/\\\/schema.org\",\"@graph\":[{\"@type\":\"WebPage\",\"@id\":\"https:\\\/\\\/wediacorp.com\\\/tr\\\/careers\\\/\",\"url\":\"https:\\\/\\\/wediacorp.com\\\/tr\\\/careers\\\/\",\"name\":\"Kariyer - WediaCorp TR\",\"isPartOf\":{\"@id\":\"https:\\\/\\\/wediacorp.com\\\/tr\\\/#website\"},\"datePublished\":\"2023-06-22T23:50:54+00:00\",\"dateModified\":\"2023-10-02T22:22:20+00:00\",\"breadcrumb\":{\"@id\":\"https:\\\/\\\/wediacorp.com\\\/tr\\\/careers\\\/#breadcrumb\"},\"inLanguage\":\"tr\",\"potentialAction\":[{\"@type\":\"ReadAction\",\"target\":[\"https:\\\/\\\/wediacorp.com\\\/tr\\\/careers\\\/\"]}]},{\"@type\":\"BreadcrumbList\",\"@id\":\"https:\\\/\\\/wediacorp.com\\\/tr\\\/careers\\\/#breadcrumb\",\"itemListElement\":[{\"@type\":\"ListItem\",\"position\":1,\"name\":\"Anasayfa\",\"item\":\"https:\\\/\\\/wediacorp.com\\\/tr\\\/\"},{\"@type\":\"ListItem\",\"position\":2,\"name\":\"Kariyer\"}]},{\"@type\":\"WebSite\",\"@id\":\"https:\\\/\\\/wediacorp.com\\\/tr\\\/#website\",\"url\":\"https:\\\/\\\/wediacorp.com\\\/tr\\\/\",\"name\":\"WediaCorp TR\",\"description\":\"With our experienced team and the privilege of being the official business partner of Google, Youtube, Dailymotion, we ensure that you are ahead of your competitors.\",\"potentialAction\":[{\"@type\":\"SearchAction\",\"target\":{\"@type\":\"EntryPoint\",\"urlTemplate\":\"https:\\\/\\\/wediacorp.com\\\/tr\\\/?s={search_term_string}\"},\"query-input\":{\"@type\":\"PropertyValueSpecification\",\"valueRequired\":true,\"valueName\":\"search_term_string\"}}],\"inLanguage\":\"tr\"}]}<\/script>\n<!-- \/ Yoast SEO plugin. -->","yoast_head_json":{"title":"Kariyer - WediaCorp TR","robots":{"index":"index","follow":"follow","max-snippet":"max-snippet:-1","max-image-preview":"max-image-preview:large","max-video-preview":"max-video-preview:-1"},"canonical":"https:\/\/wediacorp.com\/tr\/careers\/","og_locale":"tr_TR","og_type":"article","og_title":"Kariyer - WediaCorp TR","og_description":"Teknolojinin \u0130zinde Kariyer F\u0131rsat\u0131! \u0130novasyon odakl\u0131 yenilik\u00e7i fikirlerin te\u015fvik edildi\u011fi bir \u00e7al\u0131\u015fma k\u00fclt\u00fcr\u00fcnde, d\u00fcnya \u00e7ap\u0131nda bir m\u00fc\u015fteri portf\u00f6y\u00fcne hizmet etme f\u0131rsat\u0131 ile k\u00fcresel i\u015f olanaklar\u0131 sa\u011fl\u0131yoruz. Teknoloji ve dijital ile i\u00e7 i\u00e7e h\u0131zla b\u00fcy\u00fcyen bu sekt\u00f6rde farkl\u0131 alanlarda uzmanla\u015fma f\u0131rsat\u0131 ile kariyerinizde sa\u011flam ad\u0131mlar atmaya ve ekibimizin bir par\u00e7as\u0131 olmaya haz\u0131r m\u0131s\u0131n\u0131z? Mutlu bir \u00e7al\u0131\u015fma [&hellip;]","og_url":"https:\/\/wediacorp.com\/tr\/careers\/","og_site_name":"WediaCorp TR","article_modified_time":"2023-10-02T22:22:20+00:00","twitter_card":"summary_large_image","twitter_misc":{"Tahmini okuma s\u00fcresi":"1 dakika"},"schema":{"@context":"https:\/\/schema.org","@graph":[{"@type":"WebPage","@id":"https:\/\/wediacorp.com\/tr\/careers\/","url":"https:\/\/wediacorp.com\/tr\/careers\/","name":"Kariyer - WediaCorp TR","isPartOf":{"@id":"https:\/\/wediacorp.com\/tr\/#website"},"datePublished":"2023-06-22T23:50:54+00:00","dateModified":"2023-10-02T22:22:20+00:00","breadcrumb":{"@id":"https:\/\/wediacorp.com\/tr\/careers\/#breadcrumb"},"inLanguage":"tr","potentialAction":[{"@type":"ReadAction","target":["https:\/\/wediacorp.com\/tr\/careers\/"]}]},{"@type":"BreadcrumbList","@id":"https:\/\/wediacorp.com\/tr\/careers\/#breadcrumb","itemListElement":[{"@type":"ListItem","position":1,"name":"Anasayfa","item":"https:\/\/wediacorp.com\/tr\/"},{"@type":"ListItem","position":2,"name":"Kariyer"}]},{"@type":"WebSite","@id":"https:\/\/wediacorp.com\/tr\/#website","url":"https:\/\/wediacorp.com\/tr\/","name":"WediaCorp TR","description":"With our experienced team and the privilege of being the official business partner of Google, Youtube, Dailymotion, we ensure that you are ahead of your competitors.","potentialAction":[{"@type":"SearchAction","target":{"@type":"EntryPoint","urlTemplate":"https:\/\/wediacorp.com\/tr\/?s={search_term_string}"},"query-input":{"@type":"PropertyValueSpecification","valueRequired":true,"valueName":"search_term_string"}}],"inLanguage":"tr"}]}},"_links":{"self":[{"href":"https:\/\/wediacorp.com\/tr\/wp-json\/wp\/v2\/pages\/173","targetHints":{"allow":["GET"]}}],"collection":[{"href":"https:\/\/wediacorp.com\/tr\/wp-json\/wp\/v2\/pages"}],"about":[{"href":"https:\/\/wediacorp.com\/tr\/wp-json\/wp\/v2\/types\/page"}],"author":[{"embeddable":true,"href":"https:\/\/wediacorp.com\/tr\/wp-json\/wp\/v2\/users\/1"}],"replies":[{"embeddable":true,"href":"https:\/\/wediacorp.com\/tr\/wp-json\/wp\/v2\/comments?post=173"}],"version-history":[{"count":0,"href":"https:\/\/wediacorp.com\/tr\/wp-json\/wp\/v2\/pages\/173\/revisions"}],"wp:attachment":[{"href":"https:\/\/wediacorp.com\/tr\/wp-json\/wp\/v2\/media?parent=173"}],"curies":[{"name":"wp","href":"https:\/\/api.w.org\/{rel}","templated":true}]}}