{"id":20035,"date":"2023-10-02T14:33:37","date_gmt":"2023-10-02T11:33:37","guid":{"rendered":"https:\/\/wediacorp.com\/tr\/?page_id=20035"},"modified":"2023-10-03T01:59:29","modified_gmt":"2023-10-02T22:59:29","slug":"youtube-certificated-partners","status":"publish","type":"page","link":"https:\/\/wediacorp.com\/tr\/youtube-certificated-partners\/","title":{"rendered":"YouTube ve Dailymotion Partneriniz"},"content":{"rendered":"<p><strong>YouTube SEO Hizmeti<\/strong><br \/>\nDijitalde \u00fcretilen video i\u00e7eriklerin do\u011fru etiket ve do\u011fru metin ile ula\u015fmas\u0131 i\u00e7in seo uyumlu metinler haz\u0131rl\u0131yor, do\u011fru etiket ile birle\u015ftirerek videonuzu hedef kitlenize ula\u015ft\u0131r\u0131yoruz.<\/p>\n<p><strong>\u0130\u00e7erik Lisanslama<\/strong><br \/>\nDijital olarak \u00fcretilen i\u00e7eriklerin hangi ko\u015fullarda kullan\u0131labilece\u011fini ve payla\u015f\u0131labilece\u011fini kullan\u0131c\u0131 politikalar\u0131na g\u00f6re y\u00f6netiyoruz. Dijital olarak \u00fcretilen i\u00e7eri\u011fin dosyas\u0131na \u00f6zel ID&#8217;ler yerle\u015ftirerek, \u00fcretilen i\u00e7eri\u011fi kopyalanmaya kar\u015f\u0131 koruyoruz. Kopyalanan i\u00e7eri\u011finizden para kazanmak i\u00e7in hak y\u00f6netimi de ger\u00e7ekle\u015ftiriyoruz. YouTube, DailyMoiton, \u0130zlesene, MailRu ve VK ile yapt\u0131\u011f\u0131m\u0131z resmi ortakl\u0131klar sayesinde i\u00e7eriklerinizi her dijital platformda koruyoruz.<\/p>\n<p><strong>Teknik Destek ve Dan\u0131\u015fmanl\u0131k<\/strong><br \/>\nYouTube&#8217;daki kanal\u0131n\u0131zla ilgili t\u00fcm soru ve sorunlar\u0131n\u0131z i\u00e7in uzman ekibimizle teknik destek sa\u011fl\u0131yoruz. Kanal geli\u015ftirme, optimizasyon, sponsorluk anla\u015fmalar\u0131, AdWords reklamlar\u0131, ilgili taraf analizi, sorun analizi, hedef kitle analizi, strateji analizi ve y\u00f6netimi verdi\u011fimiz hizmetler aras\u0131ndad\u0131r.<\/p>\n<p><strong>Kanal Y\u00f6netimi<\/strong><br \/>\nYouTube kanal\u0131n\u0131z\u0131 g\u00fcncel YouTube algoritmalar\u0131 ve kurallar\u0131 dahilinde y\u00f6netiyoruz. Videolar\u0131 zamanlayarak hedef kitlenizle en uygun zamanda ve en profesyonel \u015fekilde bulu\u015fman\u0131z\u0131 sa\u011fl\u0131yoruz.<\/p>\n<p><strong>Optimizasyon<\/strong><br \/>\nVideolar\u0131n\u0131za yapt\u0131\u011f\u0131m\u0131z optimizasyonlar ile YouTube veya Google aramalar\u0131nda daha \u00fcst s\u0131ralarda \u00e7\u0131kman\u0131z\u0131 ve daha fazla ki\u015fiye ula\u015fman\u0131z\u0131 sa\u011fl\u0131yoruz. Yapt\u0131\u011f\u0131m\u0131z bu d\u00fczenlemeler ile videolar\u0131n\u0131z\u0131n reklam gelirlerini iki kat\u0131na \u00e7\u0131kar\u0131yoruz.<\/p>\n<p><strong>\u0130tibar Y\u00f6netimi<\/strong><br \/>\n\u0130ster bireysel ister kurumsal olsun marka itibar y\u00f6netiminde markalar\u0131n t\u00fcm ihtiya\u00e7lar\u0131n\u0131 kar\u015f\u0131l\u0131yoruz. Wediacorp olarak markan\u0131z ile aran\u0131zda g\u00fc\u00e7l\u00fc k\u00f6pr\u00fcler kuruyor, sizi sekt\u00f6r\u00fcn\u00fcz\u00fcn lider firmalar\u0131ndan biri yapmak i\u00e7in dijital ve ger\u00e7ek kimlik \u00e7al\u0131\u015fmalar\u0131n\u0131zda her t\u00fcrl\u00fc deste\u011fi sunuyoruz.<\/p>\n<p><strong>Marka Y\u00f6netimi<\/strong><br \/>\nWediacorp olarak bir markan\u0131n yarat\u0131lmas\u0131ndan, strateji geli\u015ftirilmesine, pazarda analiz edilmesinden, rekabet ko\u015fullar\u0131nda nas\u0131l ba\u015far\u0131l\u0131 olunaca\u011f\u0131na kadar &#8220;Marka Y\u00f6netimi&#8221; konusunda her ad\u0131m\u0131 tasarl\u0131yor ve g\u00fc\u00e7l\u00fc markalar\u0131n yarat\u0131lmas\u0131na rehberlik ediyoruz.<\/p>\n<p><strong>Etkinlik &#038; Organizasyon<\/strong><br \/>\nEtkinlik &#038; Organizasyon<\/p>\n<p><strong>Pazar ve \u0130\u00e7erik Analizi<\/strong><br \/>\nKanal\u0131n\u0131z i\u00e7in bir pazar ve i\u00e7erik analizi raporu haz\u0131rl\u0131yor, konuyla ilgili yap\u0131lmas\u0131 gerekenler konusunda sizinle birlikte bir yol haritas\u0131 olu\u015fturuyor ve bunu birlikte hayata ge\u00e7iriyoruz.<\/p>\n","protected":false},"excerpt":{"rendered":"<p>YouTube SEO Hizmeti Dijitalde \u00fcretilen video i\u00e7eriklerin do\u011fru etiket ve do\u011fru metin ile ula\u015fmas\u0131 i\u00e7in seo uyumlu metinler haz\u0131rl\u0131yor, do\u011fru etiket ile birle\u015ftirerek videonuzu hedef kitlenize ula\u015ft\u0131r\u0131yoruz. \u0130\u00e7erik Lisanslama Dijital olarak \u00fcretilen i\u00e7eriklerin hangi ko\u015fullarda kullan\u0131labilece\u011fini ve payla\u015f\u0131labilece\u011fini kullan\u0131c\u0131 politikalar\u0131na g\u00f6re y\u00f6netiyoruz. Dijital olarak \u00fcretilen i\u00e7eri\u011fin dosyas\u0131na \u00f6zel ID&#8217;ler yerle\u015ftirerek, \u00fcretilen i\u00e7eri\u011fi kopyalanmaya kar\u015f\u0131 koruyoruz. [&hellip;]<\/p>\n","protected":false},"author":1,"featured_media":0,"parent":0,"menu_order":0,"comment_status":"closed","ping_status":"closed","template":"template-parts\/general-page.php","meta":{"footnotes":""},"class_list":["post-20035","page","type-page","status-publish","hentry"],"acf":[],"yoast_head":"<!-- This site is optimized with the Yoast SEO plugin v27.4 - https:\/\/yoast.com\/product\/yoast-seo-wordpress\/ -->\n<title>Partnerlik - YouTube ve Dailymotion Partneriniz - WediaCorp TR<\/title>\n<meta name=\"description\" content=\"SEO Hizmeti, \u0130\u00e7erik Lisanslama, Teknik Destek, Dan\u0131\u015fmanl\u0131k, Kanal Y\u00f6netimi, Optimizasyon, \u0130tibar Y\u00f6netimi, Marka Y\u00f6netimi, Pazar, \u0130\u00e7erik Analizi\" \/>\n<meta name=\"robots\" content=\"index, follow, max-snippet:-1, max-image-preview:large, max-video-preview:-1\" \/>\n<link rel=\"canonical\" href=\"https:\/\/wediacorp.com\/tr\/youtube-certificated-partners\/\" \/>\n<meta property=\"og:locale\" content=\"tr_TR\" \/>\n<meta property=\"og:type\" content=\"article\" \/>\n<meta property=\"og:title\" content=\"Partnerlik - YouTube ve Dailymotion Partneriniz - WediaCorp TR\" \/>\n<meta property=\"og:description\" content=\"SEO Hizmeti, \u0130\u00e7erik Lisanslama, Teknik Destek, Dan\u0131\u015fmanl\u0131k, Kanal Y\u00f6netimi, Optimizasyon, \u0130tibar Y\u00f6netimi, Marka Y\u00f6netimi, Pazar, \u0130\u00e7erik Analizi\" \/>\n<meta property=\"og:url\" content=\"https:\/\/wediacorp.com\/tr\/youtube-certificated-partners\/\" \/>\n<meta property=\"og:site_name\" content=\"WediaCorp TR\" \/>\n<meta property=\"article:modified_time\" content=\"2023-10-02T22:59:29+00:00\" \/>\n<meta name=\"twitter:card\" content=\"summary_large_image\" \/>\n<meta name=\"twitter:label1\" content=\"Tahmini okuma s\u00fcresi\" \/>\n\t<meta name=\"twitter:data1\" content=\"3 dakika\" \/>\n<script type=\"application\/ld+json\" class=\"yoast-schema-graph\">{\"@context\":\"https:\\\/\\\/schema.org\",\"@graph\":[{\"@type\":\"WebPage\",\"@id\":\"https:\\\/\\\/wediacorp.com\\\/tr\\\/youtube-certificated-partners\\\/\",\"url\":\"https:\\\/\\\/wediacorp.com\\\/tr\\\/youtube-certificated-partners\\\/\",\"name\":\"Partnerlik - YouTube ve Dailymotion Partneriniz - WediaCorp TR\",\"isPartOf\":{\"@id\":\"https:\\\/\\\/wediacorp.com\\\/tr\\\/#website\"},\"datePublished\":\"2023-10-02T11:33:37+00:00\",\"dateModified\":\"2023-10-02T22:59:29+00:00\",\"description\":\"SEO Hizmeti, \u0130\u00e7erik Lisanslama, Teknik Destek, Dan\u0131\u015fmanl\u0131k, Kanal Y\u00f6netimi, Optimizasyon, \u0130tibar Y\u00f6netimi, Marka Y\u00f6netimi, Pazar, \u0130\u00e7erik Analizi\",\"breadcrumb\":{\"@id\":\"https:\\\/\\\/wediacorp.com\\\/tr\\\/youtube-certificated-partners\\\/#breadcrumb\"},\"inLanguage\":\"tr\",\"potentialAction\":[{\"@type\":\"ReadAction\",\"target\":[\"https:\\\/\\\/wediacorp.com\\\/tr\\\/youtube-certificated-partners\\\/\"]}]},{\"@type\":\"BreadcrumbList\",\"@id\":\"https:\\\/\\\/wediacorp.com\\\/tr\\\/youtube-certificated-partners\\\/#breadcrumb\",\"itemListElement\":[{\"@type\":\"ListItem\",\"position\":1,\"name\":\"Anasayfa\",\"item\":\"https:\\\/\\\/wediacorp.com\\\/tr\\\/\"},{\"@type\":\"ListItem\",\"position\":2,\"name\":\"YouTube ve Dailymotion Partneriniz\"}]},{\"@type\":\"WebSite\",\"@id\":\"https:\\\/\\\/wediacorp.com\\\/tr\\\/#website\",\"url\":\"https:\\\/\\\/wediacorp.com\\\/tr\\\/\",\"name\":\"WediaCorp TR\",\"description\":\"With our experienced team and the privilege of being the official business partner of Google, Youtube, Dailymotion, we ensure that you are ahead of your competitors.\",\"potentialAction\":[{\"@type\":\"SearchAction\",\"target\":{\"@type\":\"EntryPoint\",\"urlTemplate\":\"https:\\\/\\\/wediacorp.com\\\/tr\\\/?s={search_term_string}\"},\"query-input\":{\"@type\":\"PropertyValueSpecification\",\"valueRequired\":true,\"valueName\":\"search_term_string\"}}],\"inLanguage\":\"tr\"}]}<\/script>\n<!-- \/ Yoast SEO plugin. -->","yoast_head_json":{"title":"Partnerlik - YouTube ve Dailymotion Partneriniz - WediaCorp TR","description":"SEO Hizmeti, \u0130\u00e7erik Lisanslama, Teknik Destek, Dan\u0131\u015fmanl\u0131k, Kanal Y\u00f6netimi, Optimizasyon, \u0130tibar Y\u00f6netimi, Marka Y\u00f6netimi, Pazar, \u0130\u00e7erik Analizi","robots":{"index":"index","follow":"follow","max-snippet":"max-snippet:-1","max-image-preview":"max-image-preview:large","max-video-preview":"max-video-preview:-1"},"canonical":"https:\/\/wediacorp.com\/tr\/youtube-certificated-partners\/","og_locale":"tr_TR","og_type":"article","og_title":"Partnerlik - YouTube ve Dailymotion Partneriniz - WediaCorp TR","og_description":"SEO Hizmeti, \u0130\u00e7erik Lisanslama, Teknik Destek, Dan\u0131\u015fmanl\u0131k, Kanal Y\u00f6netimi, Optimizasyon, \u0130tibar Y\u00f6netimi, Marka Y\u00f6netimi, Pazar, \u0130\u00e7erik Analizi","og_url":"https:\/\/wediacorp.com\/tr\/youtube-certificated-partners\/","og_site_name":"WediaCorp TR","article_modified_time":"2023-10-02T22:59:29+00:00","twitter_card":"summary_large_image","twitter_misc":{"Tahmini okuma s\u00fcresi":"3 dakika"},"schema":{"@context":"https:\/\/schema.org","@graph":[{"@type":"WebPage","@id":"https:\/\/wediacorp.com\/tr\/youtube-certificated-partners\/","url":"https:\/\/wediacorp.com\/tr\/youtube-certificated-partners\/","name":"Partnerlik - YouTube ve Dailymotion Partneriniz - WediaCorp TR","isPartOf":{"@id":"https:\/\/wediacorp.com\/tr\/#website"},"datePublished":"2023-10-02T11:33:37+00:00","dateModified":"2023-10-02T22:59:29+00:00","description":"SEO Hizmeti, \u0130\u00e7erik Lisanslama, Teknik Destek, Dan\u0131\u015fmanl\u0131k, Kanal Y\u00f6netimi, Optimizasyon, \u0130tibar Y\u00f6netimi, Marka Y\u00f6netimi, Pazar, \u0130\u00e7erik Analizi","breadcrumb":{"@id":"https:\/\/wediacorp.com\/tr\/youtube-certificated-partners\/#breadcrumb"},"inLanguage":"tr","potentialAction":[{"@type":"ReadAction","target":["https:\/\/wediacorp.com\/tr\/youtube-certificated-partners\/"]}]},{"@type":"BreadcrumbList","@id":"https:\/\/wediacorp.com\/tr\/youtube-certificated-partners\/#breadcrumb","itemListElement":[{"@type":"ListItem","position":1,"name":"Anasayfa","item":"https:\/\/wediacorp.com\/tr\/"},{"@type":"ListItem","position":2,"name":"YouTube ve Dailymotion Partneriniz"}]},{"@type":"WebSite","@id":"https:\/\/wediacorp.com\/tr\/#website","url":"https:\/\/wediacorp.com\/tr\/","name":"WediaCorp TR","description":"With our experienced team and the privilege of being the official business partner of Google, Youtube, Dailymotion, we ensure that you are ahead of your competitors.","potentialAction":[{"@type":"SearchAction","target":{"@type":"EntryPoint","urlTemplate":"https:\/\/wediacorp.com\/tr\/?s={search_term_string}"},"query-input":{"@type":"PropertyValueSpecification","valueRequired":true,"valueName":"search_term_string"}}],"inLanguage":"tr"}]}},"_links":{"self":[{"href":"https:\/\/wediacorp.com\/tr\/wp-json\/wp\/v2\/pages\/20035","targetHints":{"allow":["GET"]}}],"collection":[{"href":"https:\/\/wediacorp.com\/tr\/wp-json\/wp\/v2\/pages"}],"about":[{"href":"https:\/\/wediacorp.com\/tr\/wp-json\/wp\/v2\/types\/page"}],"author":[{"embeddable":true,"href":"https:\/\/wediacorp.com\/tr\/wp-json\/wp\/v2\/users\/1"}],"replies":[{"embeddable":true,"href":"https:\/\/wediacorp.com\/tr\/wp-json\/wp\/v2\/comments?post=20035"}],"version-history":[{"count":0,"href":"https:\/\/wediacorp.com\/tr\/wp-json\/wp\/v2\/pages\/20035\/revisions"}],"wp:attachment":[{"href":"https:\/\/wediacorp.com\/tr\/wp-json\/wp\/v2\/media?parent=20035"}],"curies":[{"name":"wp","href":"https:\/\/api.w.org\/{rel}","templated":true}]}}