{"id":20130,"date":"2023-10-31T21:30:46","date_gmt":"2023-10-31T18:30:46","guid":{"rendered":"https:\/\/wediacorp.com\/tr\/?page_id=20130"},"modified":"2024-05-30T15:21:39","modified_gmt":"2024-05-30T12:21:39","slug":"citation","status":"publish","type":"page","link":"https:\/\/wediacorp.com\/tr\/citation\/","title":{"rendered":"K\u00fcnye"},"content":{"rendered":"<p style=\"text-align: left;\">Genel Yay\u0131n Y\u00f6netmeni: Funda \u015een Demir<\/p>\n<p style=\"text-align: left;\">Yaz\u0131 \u0130\u015fleri M\u00fcd\u00fcr\u00fc: G\u00f6zde Karatosun<\/p>\n<p style=\"text-align: left;\">G\u00f6rsel Koordinat\u00f6r: Erman G\u00fclge\u00e7<\/p>\n<p style=\"text-align: left;\">Reklam Yay\u0131n M\u00fcd\u00fcr\u00fc: Fatih Demir<\/p>\n<p style=\"text-align: left;\">\u0130leti\u015fim bilgileri: 0850 333 07 09 &#8211; bd@wediacorp.com<\/p>\n<p style=\"text-align: left;\">Adres: Ko\u015fuyolu mh. Cenap \u015eahabettin Sk No 29 Kad\u0131k\u00f6y \u0130stanbul<\/p>\n","protected":false},"excerpt":{"rendered":"<p>Genel Yay\u0131n Y\u00f6netmeni: Funda \u015een Demir Yaz\u0131 \u0130\u015fleri M\u00fcd\u00fcr\u00fc: G\u00f6zde Karatosun G\u00f6rsel Koordinat\u00f6r: Erman G\u00fclge\u00e7 Reklam Yay\u0131n M\u00fcd\u00fcr\u00fc: Fatih Demir \u0130leti\u015fim bilgileri: 0850 333 07 09 &#8211; bd@wediacorp.com Adres: Ko\u015fuyolu mh. Cenap \u015eahabettin Sk No 29 Kad\u0131k\u00f6y \u0130stanbul<\/p>\n","protected":false},"author":1,"featured_media":0,"parent":0,"menu_order":0,"comment_status":"closed","ping_status":"closed","template":"","meta":{"footnotes":""},"class_list":["post-20130","page","type-page","status-publish","hentry"],"acf":[],"yoast_head":"<!-- This site is optimized with the Yoast SEO plugin v27.4 - https:\/\/yoast.com\/product\/yoast-seo-wordpress\/ -->\n<title>K\u00fcnye - WediaCorp TR<\/title>\n<meta name=\"robots\" content=\"index, follow, max-snippet:-1, max-image-preview:large, max-video-preview:-1\" \/>\n<link rel=\"canonical\" href=\"https:\/\/wediacorp.com\/tr\/citation\/\" \/>\n<meta property=\"og:locale\" content=\"tr_TR\" \/>\n<meta property=\"og:type\" content=\"article\" \/>\n<meta property=\"og:title\" content=\"K\u00fcnye - WediaCorp TR\" \/>\n<meta property=\"og:description\" content=\"Genel Yay\u0131n Y\u00f6netmeni: Funda \u015een Demir Yaz\u0131 \u0130\u015fleri M\u00fcd\u00fcr\u00fc: G\u00f6zde Karatosun G\u00f6rsel Koordinat\u00f6r: Erman G\u00fclge\u00e7 Reklam Yay\u0131n M\u00fcd\u00fcr\u00fc: Fatih Demir \u0130leti\u015fim bilgileri: 0850 333 07 09 &#8211; bd@wediacorp.com Adres: Ko\u015fuyolu mh. Cenap \u015eahabettin Sk No 29 Kad\u0131k\u00f6y \u0130stanbul\" \/>\n<meta property=\"og:url\" content=\"https:\/\/wediacorp.com\/tr\/citation\/\" \/>\n<meta property=\"og:site_name\" content=\"WediaCorp TR\" \/>\n<meta property=\"article:modified_time\" content=\"2024-05-30T12:21:39+00:00\" \/>\n<meta name=\"twitter:card\" content=\"summary_large_image\" \/>\n<meta name=\"twitter:label1\" content=\"Tahmini okuma s\u00fcresi\" \/>\n\t<meta name=\"twitter:data1\" content=\"1 dakika\" \/>\n<script type=\"application\/ld+json\" class=\"yoast-schema-graph\">{\"@context\":\"https:\\\/\\\/schema.org\",\"@graph\":[{\"@type\":\"WebPage\",\"@id\":\"https:\\\/\\\/wediacorp.com\\\/tr\\\/citation\\\/\",\"url\":\"https:\\\/\\\/wediacorp.com\\\/tr\\\/citation\\\/\",\"name\":\"K\u00fcnye - WediaCorp TR\",\"isPartOf\":{\"@id\":\"https:\\\/\\\/wediacorp.com\\\/tr\\\/#website\"},\"datePublished\":\"2023-10-31T18:30:46+00:00\",\"dateModified\":\"2024-05-30T12:21:39+00:00\",\"breadcrumb\":{\"@id\":\"https:\\\/\\\/wediacorp.com\\\/tr\\\/citation\\\/#breadcrumb\"},\"inLanguage\":\"tr\",\"potentialAction\":[{\"@type\":\"ReadAction\",\"target\":[\"https:\\\/\\\/wediacorp.com\\\/tr\\\/citation\\\/\"]}]},{\"@type\":\"BreadcrumbList\",\"@id\":\"https:\\\/\\\/wediacorp.com\\\/tr\\\/citation\\\/#breadcrumb\",\"itemListElement\":[{\"@type\":\"ListItem\",\"position\":1,\"name\":\"Anasayfa\",\"item\":\"https:\\\/\\\/wediacorp.com\\\/tr\\\/\"},{\"@type\":\"ListItem\",\"position\":2,\"name\":\"K\u00fcnye\"}]},{\"@type\":\"WebSite\",\"@id\":\"https:\\\/\\\/wediacorp.com\\\/tr\\\/#website\",\"url\":\"https:\\\/\\\/wediacorp.com\\\/tr\\\/\",\"name\":\"WediaCorp TR\",\"description\":\"With our experienced team and the privilege of being the official business partner of Google, Youtube, Dailymotion, we ensure that you are ahead of your competitors.\",\"potentialAction\":[{\"@type\":\"SearchAction\",\"target\":{\"@type\":\"EntryPoint\",\"urlTemplate\":\"https:\\\/\\\/wediacorp.com\\\/tr\\\/?s={search_term_string}\"},\"query-input\":{\"@type\":\"PropertyValueSpecification\",\"valueRequired\":true,\"valueName\":\"search_term_string\"}}],\"inLanguage\":\"tr\"}]}<\/script>\n<!-- \/ Yoast SEO plugin. -->","yoast_head_json":{"title":"K\u00fcnye - WediaCorp TR","robots":{"index":"index","follow":"follow","max-snippet":"max-snippet:-1","max-image-preview":"max-image-preview:large","max-video-preview":"max-video-preview:-1"},"canonical":"https:\/\/wediacorp.com\/tr\/citation\/","og_locale":"tr_TR","og_type":"article","og_title":"K\u00fcnye - WediaCorp TR","og_description":"Genel Yay\u0131n Y\u00f6netmeni: Funda \u015een Demir Yaz\u0131 \u0130\u015fleri M\u00fcd\u00fcr\u00fc: G\u00f6zde Karatosun G\u00f6rsel Koordinat\u00f6r: Erman G\u00fclge\u00e7 Reklam Yay\u0131n M\u00fcd\u00fcr\u00fc: Fatih Demir \u0130leti\u015fim bilgileri: 0850 333 07 09 &#8211; bd@wediacorp.com Adres: Ko\u015fuyolu mh. Cenap \u015eahabettin Sk No 29 Kad\u0131k\u00f6y \u0130stanbul","og_url":"https:\/\/wediacorp.com\/tr\/citation\/","og_site_name":"WediaCorp TR","article_modified_time":"2024-05-30T12:21:39+00:00","twitter_card":"summary_large_image","twitter_misc":{"Tahmini okuma s\u00fcresi":"1 dakika"},"schema":{"@context":"https:\/\/schema.org","@graph":[{"@type":"WebPage","@id":"https:\/\/wediacorp.com\/tr\/citation\/","url":"https:\/\/wediacorp.com\/tr\/citation\/","name":"K\u00fcnye - WediaCorp TR","isPartOf":{"@id":"https:\/\/wediacorp.com\/tr\/#website"},"datePublished":"2023-10-31T18:30:46+00:00","dateModified":"2024-05-30T12:21:39+00:00","breadcrumb":{"@id":"https:\/\/wediacorp.com\/tr\/citation\/#breadcrumb"},"inLanguage":"tr","potentialAction":[{"@type":"ReadAction","target":["https:\/\/wediacorp.com\/tr\/citation\/"]}]},{"@type":"BreadcrumbList","@id":"https:\/\/wediacorp.com\/tr\/citation\/#breadcrumb","itemListElement":[{"@type":"ListItem","position":1,"name":"Anasayfa","item":"https:\/\/wediacorp.com\/tr\/"},{"@type":"ListItem","position":2,"name":"K\u00fcnye"}]},{"@type":"WebSite","@id":"https:\/\/wediacorp.com\/tr\/#website","url":"https:\/\/wediacorp.com\/tr\/","name":"WediaCorp TR","description":"With our experienced team and the privilege of being the official business partner of Google, Youtube, Dailymotion, we ensure that you are ahead of your competitors.","potentialAction":[{"@type":"SearchAction","target":{"@type":"EntryPoint","urlTemplate":"https:\/\/wediacorp.com\/tr\/?s={search_term_string}"},"query-input":{"@type":"PropertyValueSpecification","valueRequired":true,"valueName":"search_term_string"}}],"inLanguage":"tr"}]}},"_links":{"self":[{"href":"https:\/\/wediacorp.com\/tr\/wp-json\/wp\/v2\/pages\/20130","targetHints":{"allow":["GET"]}}],"collection":[{"href":"https:\/\/wediacorp.com\/tr\/wp-json\/wp\/v2\/pages"}],"about":[{"href":"https:\/\/wediacorp.com\/tr\/wp-json\/wp\/v2\/types\/page"}],"author":[{"embeddable":true,"href":"https:\/\/wediacorp.com\/tr\/wp-json\/wp\/v2\/users\/1"}],"replies":[{"embeddable":true,"href":"https:\/\/wediacorp.com\/tr\/wp-json\/wp\/v2\/comments?post=20130"}],"version-history":[{"count":2,"href":"https:\/\/wediacorp.com\/tr\/wp-json\/wp\/v2\/pages\/20130\/revisions"}],"predecessor-version":[{"id":20420,"href":"https:\/\/wediacorp.com\/tr\/wp-json\/wp\/v2\/pages\/20130\/revisions\/20420"}],"wp:attachment":[{"href":"https:\/\/wediacorp.com\/tr\/wp-json\/wp\/v2\/media?parent=20130"}],"curies":[{"name":"wp","href":"https:\/\/api.w.org\/{rel}","templated":true}]}}